{"id":7816,"date":"2019-09-04T08:12:23","date_gmt":"2019-09-04T08:12:23","guid":{"rendered":"https:\/\/ld-wp73.template-help.com\/wordpress\/prod_24024\/v7\/?page_id=7816"},"modified":"2023-11-23T07:12:28","modified_gmt":"2023-11-23T06:12:28","slug":"about","status":"publish","type":"page","link":"https:\/\/qualiconsult-mu.com\/fr\/about\/","title":{"rendered":"About"},"content":{"rendered":"<div data-elementor-type=\"wp-page\" data-elementor-id=\"7816\" class=\"elementor elementor-7816\">\n\t\t\t\t\t\t\t\t\t<section class=\"elementor-section elementor-top-section elementor-element elementor-element-c6fee1d elementor-section-full_width elementor-section-height-default elementor-section-height-default\" data-id=\"c6fee1d\" data-element_type=\"section\" data-settings=\"{&quot;jet_parallax_layout_list&quot;:[],&quot;background_background&quot;:&quot;classic&quot;}\">\n\t\t\t\t\t\t<div class=\"elementor-container elementor-column-gap-no\">\n\t\t\t\t\t<div class=\"elementor-column elementor-col-100 elementor-top-column elementor-element elementor-element-05f3869\" data-id=\"05f3869\" data-element_type=\"column\" data-settings=\"{&quot;background_background&quot;:&quot;classic&quot;}\">\n\t\t\t<div class=\"elementor-widget-wrap elementor-element-populated\">\n\t\t\t\t\t<div class=\"elementor-background-overlay\"><\/div>\n\t\t\t\t\t\t\t\t<section class=\"elementor-section elementor-inner-section elementor-element elementor-element-8923ae9 elementor-section-boxed elementor-section-height-default elementor-section-height-default\" data-id=\"8923ae9\" data-element_type=\"section\" data-settings=\"{&quot;jet_parallax_layout_list&quot;:[]}\">\n\t\t\t\t\t\t<div class=\"elementor-container elementor-column-gap-no\">\n\t\t\t\t\t<div class=\"elementor-column elementor-col-50 elementor-inner-column elementor-element elementor-element-36f5bb7 elementor-invisible\" data-id=\"36f5bb7\" data-element_type=\"column\" data-settings=\"{&quot;animation&quot;:&quot;fadeInLeft&quot;}\">\n\t\t\t<div class=\"elementor-widget-wrap elementor-element-populated\">\n\t\t\t\t\t\t\t\t<div class=\"elementor-element elementor-element-69e181a elementor-widget elementor-widget-text-editor\" data-id=\"69e181a\" data-element_type=\"widget\" data-widget_type=\"text-editor.default\">\n\t\t\t\t<div class=\"elementor-widget-container\">\n\t\t\t<style>\/*! elementor - v3.18.0 - 04-12-2023 *\/\n.elementor-widget-text-editor.elementor-drop-cap-view-stacked .elementor-drop-cap{background-color:#69727d;color:#fff}.elementor-widget-text-editor.elementor-drop-cap-view-framed .elementor-drop-cap{color:#69727d;border:3px solid;background-color:transparent}.elementor-widget-text-editor:not(.elementor-drop-cap-view-default) .elementor-drop-cap{margin-top:8px}.elementor-widget-text-editor:not(.elementor-drop-cap-view-default) .elementor-drop-cap-letter{width:1em;height:1em}.elementor-widget-text-editor .elementor-drop-cap{float:left;text-align:center;line-height:1;font-size:50px}.elementor-widget-text-editor .elementor-drop-cap-letter{display:inline-block}<\/style>\t\t\t\t<p>Quali Consult Ile Maurice<\/p>\t\t\t\t\t\t<\/div>\n\t\t\t\t<\/div>\n\t\t\t\t<div class=\"elementor-element elementor-element-a28a29f elementor-widget elementor-widget-heading\" data-id=\"a28a29f\" data-element_type=\"widget\" data-widget_type=\"heading.default\">\n\t\t\t\t<div class=\"elementor-widget-container\">\n\t\t\t<style>\/*! elementor - v3.18.0 - 04-12-2023 *\/\n.elementor-heading-title{padding:0;margin:0;line-height:1}.elementor-widget-heading .elementor-heading-title[class*=elementor-size-]>a{color:inherit;font-size:inherit;line-height:inherit}.elementor-widget-heading .elementor-heading-title.elementor-size-small{font-size:15px}.elementor-widget-heading .elementor-heading-title.elementor-size-medium{font-size:19px}.elementor-widget-heading .elementor-heading-title.elementor-size-large{font-size:29px}.elementor-widget-heading .elementor-heading-title.elementor-size-xl{font-size:39px}.elementor-widget-heading .elementor-heading-title.elementor-size-xxl{font-size:59px}<\/style><h1 class=\"elementor-heading-title elementor-size-default\">Un accompagnement de qualit\u00e9 sur mesure pour votre entreprise<\/h1>\t\t<\/div>\n\t\t\t\t<\/div>\n\t\t\t\t<div class=\"elementor-element elementor-element-7fe60d6 elementor-widget elementor-widget-text-editor\" data-id=\"7fe60d6\" data-element_type=\"widget\" data-widget_type=\"text-editor.default\">\n\t\t\t\t<div class=\"elementor-widget-container\">\n\t\t\t\t\t\t\t<p>Au c\u0153ur de l'innovation et de la performance, Quali Consult est un cabinet de consulting bas\u00e9 \u00e0 l\u2019\u00eele Maurice, sp\u00e9cialis\u00e9 dans le management de la qualit\u00e9 et la gestion des risques.<\/p>\t\t\t\t\t\t<\/div>\n\t\t\t\t<\/div>\n\t\t\t\t<div class=\"elementor-element elementor-element-615ff97 elementor-widget__width-auto elementor-widget elementor-widget-jet-button\" data-id=\"615ff97\" data-element_type=\"widget\" data-settings=\"{&quot;_animation&quot;:&quot;none&quot;}\" data-widget_type=\"jet-button.default\">\n\t\t\t\t<div class=\"elementor-widget-container\">\n\t\t\t<div class=\"elementor-jet-button jet-elements\"><div class=\"jet-button__container\">\n\t<a class=\"jet-button__instance jet-button__instance--icon- hover-effect-0\" href=\"https:\/\/qualiconsult-mu.com\/fr\/contact\/\">\n\t\t<div class=\"jet-button__plane jet-button__plane-normal\"><\/div>\n\t\t<div class=\"jet-button__plane jet-button__plane-hover\"><\/div>\n\t\t<div class=\"jet-button__state jet-button__state-normal\">\n\t\t\t<span class=\"jet-button__label\">Voir nos services<\/span>\t\t<\/div>\n\t\t<div class=\"jet-button__state jet-button__state-hover\">\n\t\t\t<span class=\"jet-button__label\">Voir nos services<\/span>\t\t<\/div>\n\t<\/a>\n<\/div>\n<\/div>\t\t<\/div>\n\t\t\t\t<\/div>\n\t\t\t\t<div class=\"elementor-element elementor-element-694aa2e elementor-widget__width-auto elementor-widget elementor-widget-jet-button\" data-id=\"694aa2e\" data-element_type=\"widget\" data-widget_type=\"jet-button.default\">\n\t\t\t\t<div class=\"elementor-widget-container\">\n\t\t\t<div class=\"elementor-jet-button jet-elements\"><div class=\"jet-button__container\">\n\t<a class=\"jet-button__instance jet-button__instance--icon-left hover-effect-0\" href=\"https:\/\/qualiconsult-mu.com\/fr\/about\/\">\n\t\t<div class=\"jet-button__plane jet-button__plane-normal\"><\/div>\n\t\t<div class=\"jet-button__plane jet-button__plane-hover\"><\/div>\n\t\t<div class=\"jet-button__state jet-button__state-normal\">\n\t\t\t<span class=\"jet-button__label\">A propos de nous<\/span>\t\t<\/div>\n\t\t<div class=\"jet-button__state jet-button__state-hover\">\n\t\t\t<span class=\"jet-button__label\">A propos de nous<\/span>\t\t<\/div>\n\t<\/a>\n<\/div>\n<\/div>\t\t<\/div>\n\t\t\t\t<\/div>\n\t\t\t\t\t<\/div>\n\t\t<\/div>\n\t\t\t\t<div class=\"elementor-column elementor-col-50 elementor-inner-column elementor-element elementor-element-761480f\" data-id=\"761480f\" data-element_type=\"column\">\n\t\t\t<div class=\"elementor-widget-wrap\">\n\t\t\t\t\t\t\t\t\t<\/div>\n\t\t<\/div>\n\t\t\t\t\t\t\t<\/div>\n\t\t<\/section>\n\t\t\t\t\t<\/div>\n\t\t<\/div>\n\t\t\t\t\t\t\t<\/div>\n\t\t<\/section>\n\t\t\t\t<section class=\"elementor-section elementor-top-section elementor-element elementor-element-9542503 elementor-section-boxed elementor-section-height-default elementor-section-height-default\" data-id=\"9542503\" data-element_type=\"section\" data-settings=\"{&quot;jet_parallax_layout_list&quot;:[{&quot;jet_parallax_layout_image&quot;:{&quot;url&quot;:&quot;&quot;,&quot;id&quot;:&quot;&quot;,&quot;size&quot;:&quot;&quot;},&quot;_id&quot;:&quot;4e40817&quot;,&quot;jet_parallax_layout_image_tablet&quot;:{&quot;url&quot;:&quot;&quot;,&quot;id&quot;:&quot;&quot;,&quot;size&quot;:&quot;&quot;},&quot;jet_parallax_layout_image_mobile&quot;:{&quot;url&quot;:&quot;&quot;,&quot;id&quot;:&quot;&quot;,&quot;size&quot;:&quot;&quot;},&quot;jet_parallax_layout_speed&quot;:{&quot;unit&quot;:&quot;%&quot;,&quot;size&quot;:50,&quot;sizes&quot;:[]},&quot;jet_parallax_layout_type&quot;:&quot;scroll&quot;,&quot;jet_parallax_layout_direction&quot;:null,&quot;jet_parallax_layout_fx_direction&quot;:null,&quot;jet_parallax_layout_z_index&quot;:&quot;&quot;,&quot;jet_parallax_layout_bg_x&quot;:50,&quot;jet_parallax_layout_bg_x_tablet&quot;:&quot;&quot;,&quot;jet_parallax_layout_bg_x_mobile&quot;:&quot;&quot;,&quot;jet_parallax_layout_bg_y&quot;:50,&quot;jet_parallax_layout_bg_y_tablet&quot;:&quot;&quot;,&quot;jet_parallax_layout_bg_y_mobile&quot;:&quot;&quot;,&quot;jet_parallax_layout_bg_size&quot;:&quot;auto&quot;,&quot;jet_parallax_layout_bg_size_tablet&quot;:&quot;&quot;,&quot;jet_parallax_layout_bg_size_mobile&quot;:&quot;&quot;,&quot;jet_parallax_layout_animation_prop&quot;:&quot;transform&quot;,&quot;jet_parallax_layout_on&quot;:[&quot;desktop&quot;,&quot;tablet&quot;]}]}\">\n\t\t\t\t\t\t<div class=\"elementor-container elementor-column-gap-no\">\n\t\t\t\t\t<div class=\"elementor-column elementor-col-100 elementor-top-column elementor-element elementor-element-8409468 elementor-invisible\" data-id=\"8409468\" data-element_type=\"column\" data-settings=\"{&quot;animation&quot;:&quot;fadeInLeft&quot;}\">\n\t\t\t<div class=\"elementor-widget-wrap elementor-element-populated\">\n\t\t\t\t\t\t\t\t<div class=\"elementor-element elementor-element-1dfd361 elementor-widget elementor-widget-heading\" data-id=\"1dfd361\" data-element_type=\"widget\" data-widget_type=\"heading.default\">\n\t\t\t\t<div class=\"elementor-widget-container\">\n\t\t\t<h1 class=\"elementor-heading-title elementor-size-default\">Qui sommes nous ?<\/h1>\t\t<\/div>\n\t\t\t\t<\/div>\n\t\t\t\t<div class=\"elementor-element elementor-element-d93a428 elementor-widget__width-initial elementor-widget elementor-widget-text-editor\" data-id=\"d93a428\" data-element_type=\"widget\" data-widget_type=\"text-editor.default\">\n\t\t\t\t<div class=\"elementor-widget-container\">\n\t\t\t\t\t\t\t<p>Au c\u0153ur de l'innovation et de la performance, Quali Consult est un cabinet de conseil bas\u00e9 \u00e0 Maurice, sp\u00e9cialis\u00e9 dans le management de la qualit\u00e9 et la gestion des risques. Forts de nombreuses ann\u00e9es d\u2019exp\u00e9rience, nous apportons expertise, cr\u00e9ativit\u00e9 et engagement pour propulser nos clients vers l\u2019excellence op\u00e9rationnelle.<\/p>\t\t\t\t\t\t<\/div>\n\t\t\t\t<\/div>\n\t\t\t\t\t<\/div>\n\t\t<\/div>\n\t\t\t\t\t\t\t<\/div>\n\t\t<\/section>\n\t\t\t\t<section class=\"elementor-section elementor-top-section elementor-element elementor-element-d720887 elementor-section-boxed elementor-section-height-default elementor-section-height-default elementor-invisible\" data-id=\"d720887\" data-element_type=\"section\" data-settings=\"{&quot;jet_parallax_layout_list&quot;:[{&quot;jet_parallax_layout_image&quot;:{&quot;url&quot;:&quot;&quot;,&quot;id&quot;:&quot;&quot;,&quot;size&quot;:&quot;&quot;},&quot;_id&quot;:&quot;4e40817&quot;,&quot;jet_parallax_layout_image_tablet&quot;:{&quot;url&quot;:&quot;&quot;,&quot;id&quot;:&quot;&quot;,&quot;size&quot;:&quot;&quot;},&quot;jet_parallax_layout_image_mobile&quot;:{&quot;url&quot;:&quot;&quot;,&quot;id&quot;:&quot;&quot;,&quot;size&quot;:&quot;&quot;},&quot;jet_parallax_layout_speed&quot;:{&quot;unit&quot;:&quot;%&quot;,&quot;size&quot;:50,&quot;sizes&quot;:[]},&quot;jet_parallax_layout_type&quot;:&quot;scroll&quot;,&quot;jet_parallax_layout_direction&quot;:null,&quot;jet_parallax_layout_fx_direction&quot;:null,&quot;jet_parallax_layout_z_index&quot;:&quot;&quot;,&quot;jet_parallax_layout_bg_x&quot;:50,&quot;jet_parallax_layout_bg_x_tablet&quot;:&quot;&quot;,&quot;jet_parallax_layout_bg_x_mobile&quot;:&quot;&quot;,&quot;jet_parallax_layout_bg_y&quot;:50,&quot;jet_parallax_layout_bg_y_tablet&quot;:&quot;&quot;,&quot;jet_parallax_layout_bg_y_mobile&quot;:&quot;&quot;,&quot;jet_parallax_layout_bg_size&quot;:&quot;auto&quot;,&quot;jet_parallax_layout_bg_size_tablet&quot;:&quot;&quot;,&quot;jet_parallax_layout_bg_size_mobile&quot;:&quot;&quot;,&quot;jet_parallax_layout_animation_prop&quot;:&quot;transform&quot;,&quot;jet_parallax_layout_on&quot;:[&quot;desktop&quot;,&quot;tablet&quot;]}],&quot;animation&quot;:&quot;fadeIn&quot;}\">\n\t\t\t\t\t\t<div class=\"elementor-container elementor-column-gap-no\">\n\t\t\t\t\t<div class=\"elementor-column elementor-col-50 elementor-top-column elementor-element elementor-element-dff4187\" data-id=\"dff4187\" data-element_type=\"column\">\n\t\t\t<div class=\"elementor-widget-wrap elementor-element-populated\">\n\t\t\t\t\t\t\t\t<div class=\"elementor-element elementor-element-7f665ae elementor-widget elementor-widget-heading\" data-id=\"7f665ae\" data-element_type=\"widget\" data-widget_type=\"heading.default\">\n\t\t\t\t<div class=\"elementor-widget-container\">\n\t\t\t<h2 class=\"elementor-heading-title elementor-size-default\">Pourquoi Quali Consult ?<\/h2>\t\t<\/div>\n\t\t\t\t<\/div>\n\t\t\t\t<div class=\"elementor-element elementor-element-62ca118 elementor-widget elementor-widget-text-editor\" data-id=\"62ca118\" data-element_type=\"widget\" data-widget_type=\"text-editor.default\">\n\t\t\t\t<div class=\"elementor-widget-container\">\n\t\t\t\t\t\t\t<p>Un professionnel chevronn\u00e9 dans le domaine de la gestion de la qualit\u00e9 et de la gestion des risques, pr\u00eat \u00e0 relever les d\u00e9fis les plus complexes.<\/p><p>Exp\u00e9rience dans les secteurs priv\u00e9 et public et adaptabilit\u00e9 sans faille.<br \/>Une approche personnalis\u00e9e : chaque client est unique. Nous adaptons nos solutions pour r\u00e9pondre sp\u00e9cifiquement \u00e0 vos besoins, en vous proposant une approche sur mesure pour assurer votre succ\u00e8s.<\/p>\t\t\t\t\t\t<\/div>\n\t\t\t\t<\/div>\n\t\t\t\t\t<\/div>\n\t\t<\/div>\n\t\t\t\t<div class=\"elementor-column elementor-col-50 elementor-top-column elementor-element elementor-element-e493e54\" data-id=\"e493e54\" data-element_type=\"column\">\n\t\t\t<div class=\"elementor-widget-wrap elementor-element-populated\">\n\t\t\t\t\t\t\t\t<div class=\"elementor-element elementor-element-e4dcc66 elementor-widget elementor-widget-heading\" data-id=\"e4dcc66\" data-element_type=\"widget\" data-widget_type=\"heading.default\">\n\t\t\t\t<div class=\"elementor-widget-container\">\n\t\t\t<h2 class=\"elementor-heading-title elementor-size-default\">Nos secteurs d'expertise<\/h2>\t\t<\/div>\n\t\t\t\t<\/div>\n\t\t\t\t<div class=\"elementor-element elementor-element-542314a elementor-widget elementor-widget-text-editor\" data-id=\"542314a\" data-element_type=\"widget\" data-widget_type=\"text-editor.default\">\n\t\t\t\t<div class=\"elementor-widget-container\">\n\t\t\t\t\t\t\t<p>Nous avons l\u2019exp\u00e9rience et les comp\u00e9tences n\u00e9cessaires pour servir une vari\u00e9t\u00e9 d\u2019industries, notamment les entreprises logistiques, industrielles, de s\u00e9curit\u00e9 et militaires, du textile et des services. Quel que soit votre secteur, nous sommes pr\u00eats \u00e0 relever le d\u00e9fi avec vous.<\/p><p>Pr\u00eat \u00e0 explorer de nouvelles opportunit\u00e9s pour votre entreprise ? Quali Consult est l\u00e0 pour vous guider. Contactez-nous d\u00e8s aujourd'hui pour discuter de la mani\u00e8re dont nous pouvons contribuer \u00e0 votre r\u00e9ussite.<\/p>\t\t\t\t\t\t<\/div>\n\t\t\t\t<\/div>\n\t\t\t\t\t<\/div>\n\t\t<\/div>\n\t\t\t\t\t\t\t<\/div>\n\t\t<\/section>\n\t\t\t\t<section class=\"elementor-section elementor-top-section elementor-element elementor-element-b3a3647 elementor-section-full_width elementor-section-height-default elementor-section-height-default\" data-id=\"b3a3647\" data-element_type=\"section\" data-settings=\"{&quot;jet_parallax_layout_list&quot;:[]}\">\n\t\t\t\t\t\t<div class=\"elementor-container elementor-column-gap-no\">\n\t\t\t\t\t<div class=\"elementor-column elementor-col-100 elementor-top-column elementor-element elementor-element-b5d7a6e\" data-id=\"b5d7a6e\" data-element_type=\"column\" data-settings=\"{&quot;background_background&quot;:&quot;classic&quot;}\">\n\t\t\t<div class=\"elementor-widget-wrap elementor-element-populated\">\n\t\t\t\t\t\t\t\t<section class=\"elementor-section elementor-inner-section elementor-element elementor-element-cd702aa elementor-section-boxed elementor-section-height-default elementor-section-height-default\" data-id=\"cd702aa\" data-element_type=\"section\" data-settings=\"{&quot;jet_parallax_layout_list&quot;:[]}\">\n\t\t\t\t\t\t<div class=\"elementor-container elementor-column-gap-no\">\n\t\t\t\t\t<div class=\"elementor-column elementor-col-100 elementor-inner-column elementor-element elementor-element-11694d2\" data-id=\"11694d2\" data-element_type=\"column\">\n\t\t\t<div class=\"elementor-widget-wrap elementor-element-populated\">\n\t\t\t\t\t\t\t\t<div class=\"elementor-element elementor-element-2b3df8f elementor-widget__width-inherit elementor-widget elementor-widget-heading\" data-id=\"2b3df8f\" data-element_type=\"widget\" data-widget_type=\"heading.default\">\n\t\t\t\t<div class=\"elementor-widget-container\">\n\t\t\t<h2 class=\"elementor-heading-title elementor-size-default\">Nous fournissons des services de haute qualit\u00e9<\/h2>\t\t<\/div>\n\t\t\t\t<\/div>\n\t\t\t\t<div class=\"elementor-element elementor-element-be90d5d elementor-widget__width-initial elementor-widget elementor-widget-jet-services\" data-id=\"be90d5d\" data-element_type=\"widget\" data-widget_type=\"jet-services.default\">\n\t\t\t\t<div class=\"elementor-widget-container\">\n\t\t\t<div class=\"elementor-jet-services jet-elements\"><div class=\"jet-services jet-services--header-position-top\">\n\t<div class=\"jet-services__inner\">\n\t\t<div class=\"jet-services__header\">\n\t\t\t<div class=\"jet-services__cover\"><\/div>\n\t\t<\/div>\n\t\t<div class=\"jet-services__content\"><div class=\"jet-services__icon\"><div class=\"inner\"><span class=\"jet-elements-icon\"><svg xmlns=\"http:\/\/www.w3.org\/2000\/svg\" width=\"36\" height=\"36\" viewbox=\"0 0 36 36\" fill=\"none\"><path d=\"M31.2222 1H4.77778C2.69137 1 1 2.69137 1 4.77778V31.2222C1 33.3086 2.69137 35 4.77778 35H31.2222C33.3086 35 35 33.3086 35 31.2222V4.77778C35 2.69137 33.3086 1 31.2222 1Z\" stroke=\"#191919\" stroke-width=\"2\" stroke-linecap=\"round\" stroke-linejoin=\"round\"><\/path><path d=\"M35 23.5455L25.625 14L5 35\" stroke=\"#191919\" stroke-width=\"2\" stroke-linecap=\"round\" stroke-linejoin=\"round\"><\/path><path d=\"M11 14C12.6569 14 14 12.6569 14 11C14 9.34315 12.6569 8 11 8C9.34315 8 8 9.34315 8 11C8 12.6569 9.34315 14 11 14Z\" stroke=\"#191919\" stroke-width=\"2\" stroke-linecap=\"round\" stroke-linejoin=\"round\"><\/path><\/svg><\/span><\/div><\/div><h3 class=\"jet-services__title\"><span class=\"jet-services__title-text\">Approche cr\u00e9ative<\/span><\/h3><p class=\"jet-services__desc\">Ces mod\u00e8les commerciaux permettront \u00e0 toute entreprise d\u2019attirer l\u2019attention sur le march\u00e9 des services.<\/p><\/div>\n\t<\/div>\n<\/div>\n<\/div>\t\t<\/div>\n\t\t\t\t<\/div>\n\t\t\t\t<div class=\"elementor-element elementor-element-15ce57a elementor-widget__width-initial elementor-widget elementor-widget-jet-services\" data-id=\"15ce57a\" data-element_type=\"widget\" data-widget_type=\"jet-services.default\">\n\t\t\t\t<div class=\"elementor-widget-container\">\n\t\t\t<div class=\"elementor-jet-services jet-elements\"><div class=\"jet-services jet-services--header-position-top\">\n\t<div class=\"jet-services__inner\">\n\t\t<div class=\"jet-services__header\">\n\t\t\t<div class=\"jet-services__cover\"><\/div>\n\t\t<\/div>\n\t\t<div class=\"jet-services__content\"><div class=\"jet-services__icon\"><div class=\"inner\"><span class=\"jet-elements-icon\"><svg xmlns=\"http:\/\/www.w3.org\/2000\/svg\" width=\"36\" height=\"36\" viewbox=\"0 0 36 36\" fill=\"none\"><path d=\"M7.33333 1L2 7.8V31.6C2 32.5017 2.3746 33.3665 3.0414 34.0042C3.70819 34.6418 4.61256 35 5.55556 35H30.4444C31.3874 35 32.2918 34.6418 32.9586 34.0042C33.6254 33.3665 34 32.5017 34 31.6V7.8L28.6667 1H7.33333Z\" stroke=\"#191919\" stroke-width=\"2\" stroke-linecap=\"round\" stroke-linejoin=\"round\"><\/path><path d=\"M25 15C25 16.5913 24.2625 18.1174 22.9497 19.2426C21.637 20.3679 19.8565 21 18 21C16.1435 21 14.363 20.3679 13.0503 19.2426C11.7375 18.1174 11 16.5913 11 15\" stroke=\"#191919\" stroke-width=\"2\" stroke-linecap=\"round\" stroke-linejoin=\"round\"><\/path><path d=\"M2 8H34\" stroke=\"#191919\" stroke-width=\"2\" stroke-linecap=\"round\" stroke-linejoin=\"round\"><\/path><\/svg><\/span><\/div><\/div><h3 class=\"jet-services__title\"><span class=\"jet-services__title-text\">Orient\u00e9 client<\/span><\/h3><p class=\"jet-services__desc\">Nous nous soucions de nos clients. Nous fournissons le meilleur niveau de service et un support technique professionnel.<\/p><\/div>\n\t<\/div>\n<\/div>\n<\/div>\t\t<\/div>\n\t\t\t\t<\/div>\n\t\t\t\t<div class=\"elementor-element elementor-element-1cf08d6 elementor-widget__width-initial elementor-widget elementor-widget-jet-services\" data-id=\"1cf08d6\" data-element_type=\"widget\" data-widget_type=\"jet-services.default\">\n\t\t\t\t<div class=\"elementor-widget-container\">\n\t\t\t<div class=\"elementor-jet-services jet-elements\"><div class=\"jet-services jet-services--header-position-top\">\n\t<div class=\"jet-services__inner\">\n\t\t<div class=\"jet-services__header\">\n\t\t\t<div class=\"jet-services__cover\"><\/div>\n\t\t<\/div>\n\t\t<div class=\"jet-services__content\"><div class=\"jet-services__icon\"><div class=\"inner\"><span class=\"jet-elements-icon\"><svg xmlns=\"http:\/\/www.w3.org\/2000\/svg\" width=\"36\" height=\"36\" viewbox=\"0 0 36 36\" fill=\"none\"><path d=\"M18 29.9L29.9 18L35 23.1L23.1 35L18 29.9Z\" stroke=\"#191919\" stroke-width=\"2\" stroke-linecap=\"round\" stroke-linejoin=\"round\"><\/path><path d=\"M28 19.5625L25.4688 6.90625L1 1L6.90625 25.4688L19.5625 28L28 19.5625Z\" stroke=\"#191919\" stroke-width=\"2\" stroke-linecap=\"round\" stroke-linejoin=\"round\"><\/path><path d=\"M1 1L15 15\" stroke=\"#191919\" stroke-width=\"2\" stroke-linecap=\"round\" stroke-linejoin=\"round\"><\/path><path d=\"M16.5 19C17.8807 19 19 17.8807 19 16.5C19 15.1193 17.8807 14 16.5 14C15.1193 14 14 15.1193 14 16.5C14 17.8807 15.1193 19 16.5 19Z\" stroke=\"#191919\" stroke-width=\"2\" stroke-linecap=\"round\" stroke-linejoin=\"round\"><\/path><\/svg><\/span><\/div><\/div><h3 class=\"jet-services__title\"><span class=\"jet-services__title-text\">Planification<\/span><\/h3><p class=\"jet-services__desc\">Il n\u2019y a aucun objectif qui ne puisse \u00eatre atteint lorsque vous utilisez des mod\u00e8les de sites Web puissants.<\/p><\/div>\n\t<\/div>\n<\/div>\n<\/div>\t\t<\/div>\n\t\t\t\t<\/div>\n\t\t\t\t<div class=\"elementor-element elementor-element-aa6a0f4 elementor-widget__width-initial elementor-widget elementor-widget-jet-services\" data-id=\"aa6a0f4\" data-element_type=\"widget\" data-widget_type=\"jet-services.default\">\n\t\t\t\t<div class=\"elementor-widget-container\">\n\t\t\t<div class=\"elementor-jet-services jet-elements\"><div class=\"jet-services jet-services--header-position-top\">\n\t<div class=\"jet-services__inner\">\n\t\t<div class=\"jet-services__header\">\n\t\t\t<div class=\"jet-services__cover\"><\/div>\n\t\t<\/div>\n\t\t<div class=\"jet-services__content\"><div class=\"jet-services__icon\"><div class=\"inner\"><span class=\"jet-elements-icon\"><svg xmlns=\"http:\/\/www.w3.org\/2000\/svg\" width=\"36\" height=\"36\" viewbox=\"0 0 36 36\" fill=\"none\"><path d=\"M35 23.6667C35 24.6686 34.602 25.6295 33.8935 26.338C33.185 27.0464 32.2242 27.4444 31.2222 27.4444H8.55556L1 35V4.77778C1 3.77585 1.39801 2.81496 2.10649 2.10649C2.81496 1.39801 3.77585 1 4.77778 1H31.2222C32.2242 1 33.185 1.39801 33.8935 2.10649C34.602 2.81496 35 3.77585 35 4.77778V23.6667Z\" stroke=\"white\" stroke-width=\"2\" stroke-linecap=\"round\" stroke-linejoin=\"round\"><\/path><\/svg><\/span><\/div><\/div><h3 class=\"jet-services__title\"><span class=\"jet-services__title-text\">Assistance 24h\/24 et 7j\/7<\/span><\/h3><p class=\"jet-services__desc\">Nous fournissons un support client continu. Vous n\u2019avez pas besoin de vous plonger dans les d\u00e9tails techniques \u2013 concentrez-vous sur les ventes !<\/p><\/div>\n\t<\/div>\n<\/div>\n<\/div>\t\t<\/div>\n\t\t\t\t<\/div>\n\t\t\t\t\t<\/div>\n\t\t<\/div>\n\t\t\t\t\t\t\t<\/div>\n\t\t<\/section>\n\t\t\t\t\t<\/div>\n\t\t<\/div>\n\t\t\t\t\t\t\t<\/div>\n\t\t<\/section>\n\t\t\t\t\t\t\t<\/div>","protected":false},"excerpt":{"rendered":"<p>Quali Consult Mauritius Tailor-made quality support for your business At the heart of innovation and performance, Quali Consult is a consulting firm based in Mauritius, specializing in quality management and risk management. Let\u2019s work together Let\u2019s work together More about us More about us Who we are ? At the heart of innovation and performance, [&hellip;]<\/p>","protected":false},"author":1,"featured_media":0,"parent":0,"menu_order":0,"comment_status":"closed","ping_status":"closed","template":"elementor_header_footer","meta":{"footnotes":""},"class_list":["post-7816","page","type-page","status-publish","hentry","no-thumb"],"_links":{"self":[{"href":"https:\/\/qualiconsult-mu.com\/fr\/wp-json\/wp\/v2\/pages\/7816","targetHints":{"allow":["GET"]}}],"collection":[{"href":"https:\/\/qualiconsult-mu.com\/fr\/wp-json\/wp\/v2\/pages"}],"about":[{"href":"https:\/\/qualiconsult-mu.com\/fr\/wp-json\/wp\/v2\/types\/page"}],"author":[{"embeddable":true,"href":"https:\/\/qualiconsult-mu.com\/fr\/wp-json\/wp\/v2\/users\/1"}],"replies":[{"embeddable":true,"href":"https:\/\/qualiconsult-mu.com\/fr\/wp-json\/wp\/v2\/comments?post=7816"}],"version-history":[{"count":22,"href":"https:\/\/qualiconsult-mu.com\/fr\/wp-json\/wp\/v2\/pages\/7816\/revisions"}],"predecessor-version":[{"id":14549,"href":"https:\/\/qualiconsult-mu.com\/fr\/wp-json\/wp\/v2\/pages\/7816\/revisions\/14549"}],"wp:attachment":[{"href":"https:\/\/qualiconsult-mu.com\/fr\/wp-json\/wp\/v2\/media?parent=7816"}],"curies":[{"name":"wp","href":"https:\/\/api.w.org\/{rel}","templated":true}]}}