{"id":14603,"date":"2023-12-11T06:12:34","date_gmt":"2023-12-11T05:12:34","guid":{"rendered":"https:\/\/qualiconsult-mu.com\/?page_id=14603"},"modified":"2024-02-02T07:49:06","modified_gmt":"2024-02-02T06:49:06","slug":"training","status":"publish","type":"page","link":"https:\/\/qualiconsult-mu.com\/fr\/training\/","title":{"rendered":"Formations"},"content":{"rendered":"<div data-elementor-type=\"wp-page\" data-elementor-id=\"14603\" class=\"elementor elementor-14603\">\n\t\t\t\t\t\t\t\t\t<section class=\"elementor-section elementor-top-section elementor-element elementor-element-7af84c6 elementor-section-full_width elementor-section-height-default elementor-section-height-default\" data-id=\"7af84c6\" data-element_type=\"section\" data-settings=\"{&quot;jet_parallax_layout_list&quot;:[],&quot;background_background&quot;:&quot;classic&quot;}\">\n\t\t\t\t\t\t<div class=\"elementor-container elementor-column-gap-no\">\n\t\t\t\t\t<div class=\"elementor-column elementor-col-100 elementor-top-column elementor-element elementor-element-f967efe\" data-id=\"f967efe\" data-element_type=\"column\" data-settings=\"{&quot;background_background&quot;:&quot;classic&quot;}\">\n\t\t\t<div class=\"elementor-widget-wrap elementor-element-populated\">\n\t\t\t\t\t<div class=\"elementor-background-overlay\"><\/div>\n\t\t\t\t\t\t\t\t<section class=\"elementor-section elementor-inner-section elementor-element elementor-element-3ec73f7 elementor-section-boxed elementor-section-height-default elementor-section-height-default\" data-id=\"3ec73f7\" data-element_type=\"section\" data-settings=\"{&quot;jet_parallax_layout_list&quot;:[]}\">\n\t\t\t\t\t\t<div class=\"elementor-container elementor-column-gap-no\">\n\t\t\t\t\t<div class=\"elementor-column elementor-col-50 elementor-inner-column elementor-element elementor-element-adc846d elementor-invisible\" data-id=\"adc846d\" data-element_type=\"column\" data-settings=\"{&quot;animation&quot;:&quot;fadeInLeft&quot;}\">\n\t\t\t<div class=\"elementor-widget-wrap elementor-element-populated\">\n\t\t\t\t\t\t\t\t<div class=\"elementor-element elementor-element-e38510e elementor-widget elementor-widget-text-editor\" data-id=\"e38510e\" data-element_type=\"widget\" data-widget_type=\"text-editor.default\">\n\t\t\t\t<div class=\"elementor-widget-container\">\n\t\t\t<style>\/*! elementor - v3.18.0 - 04-12-2023 *\/\n.elementor-widget-text-editor.elementor-drop-cap-view-stacked .elementor-drop-cap{background-color:#69727d;color:#fff}.elementor-widget-text-editor.elementor-drop-cap-view-framed .elementor-drop-cap{color:#69727d;border:3px solid;background-color:transparent}.elementor-widget-text-editor:not(.elementor-drop-cap-view-default) .elementor-drop-cap{margin-top:8px}.elementor-widget-text-editor:not(.elementor-drop-cap-view-default) .elementor-drop-cap-letter{width:1em;height:1em}.elementor-widget-text-editor .elementor-drop-cap{float:left;text-align:center;line-height:1;font-size:50px}.elementor-widget-text-editor .elementor-drop-cap-letter{display:inline-block}<\/style>\t\t\t\t<p>Quali Consult Ile Maurice<\/p>\t\t\t\t\t\t<\/div>\n\t\t\t\t<\/div>\n\t\t\t\t<div class=\"elementor-element elementor-element-18b80ca elementor-widget elementor-widget-heading\" data-id=\"18b80ca\" data-element_type=\"widget\" data-widget_type=\"heading.default\">\n\t\t\t\t<div class=\"elementor-widget-container\">\n\t\t\t<style>\/*! elementor - v3.18.0 - 04-12-2023 *\/\n.elementor-heading-title{padding:0;margin:0;line-height:1}.elementor-widget-heading .elementor-heading-title[class*=elementor-size-]>a{color:inherit;font-size:inherit;line-height:inherit}.elementor-widget-heading .elementor-heading-title.elementor-size-small{font-size:15px}.elementor-widget-heading .elementor-heading-title.elementor-size-medium{font-size:19px}.elementor-widget-heading .elementor-heading-title.elementor-size-large{font-size:29px}.elementor-widget-heading .elementor-heading-title.elementor-size-xl{font-size:39px}.elementor-widget-heading .elementor-heading-title.elementor-size-xxl{font-size:59px}<\/style><h1 class=\"elementor-heading-title elementor-size-default\">Formations<\/h1>\t\t<\/div>\n\t\t\t\t<\/div>\n\t\t\t\t<div class=\"elementor-element elementor-element-e52dc83 elementor-widget elementor-widget-text-editor\" data-id=\"e52dc83\" data-element_type=\"widget\" data-widget_type=\"text-editor.default\">\n\t\t\t\t<div class=\"elementor-widget-container\">\n\t\t\t\t\t\t\t<p>Get your teams up to speed with a training adapted to your specific needs and the evolution of your management systems.<\/p>\t\t\t\t\t\t<\/div>\n\t\t\t\t<\/div>\n\t\t\t\t<div class=\"elementor-element elementor-element-33dfcf9 elementor-widget__width-auto elementor-widget elementor-widget-jet-button\" data-id=\"33dfcf9\" data-element_type=\"widget\" data-settings=\"{&quot;_animation&quot;:&quot;none&quot;}\" data-widget_type=\"jet-button.default\">\n\t\t\t\t<div class=\"elementor-widget-container\">\n\t\t\t<div class=\"elementor-jet-button jet-elements\"><div class=\"jet-button__container\">\n\t<a class=\"jet-button__instance jet-button__instance--icon- hover-effect-0\" href=\"https:\/\/qualiconsult-mu.com\/fr\/contact\/\">\n\t\t<div class=\"jet-button__plane jet-button__plane-normal\"><\/div>\n\t\t<div class=\"jet-button__plane jet-button__plane-hover\"><\/div>\n\t\t<div class=\"jet-button__state jet-button__state-normal\">\n\t\t\t<span class=\"jet-button__label\">Voir nos services<\/span>\t\t<\/div>\n\t\t<div class=\"jet-button__state jet-button__state-hover\">\n\t\t\t<span class=\"jet-button__label\">Voir nos services<\/span>\t\t<\/div>\n\t<\/a>\n<\/div>\n<\/div>\t\t<\/div>\n\t\t\t\t<\/div>\n\t\t\t\t<div class=\"elementor-element elementor-element-e0413c6 elementor-widget__width-auto elementor-widget elementor-widget-jet-button\" data-id=\"e0413c6\" data-element_type=\"widget\" data-widget_type=\"jet-button.default\">\n\t\t\t\t<div class=\"elementor-widget-container\">\n\t\t\t<div class=\"elementor-jet-button jet-elements\"><div class=\"jet-button__container\">\n\t<a class=\"jet-button__instance jet-button__instance--icon-left hover-effect-0\" href=\"https:\/\/qualiconsult-mu.com\/fr\/about\/\">\n\t\t<div class=\"jet-button__plane jet-button__plane-normal\"><\/div>\n\t\t<div class=\"jet-button__plane jet-button__plane-hover\"><\/div>\n\t\t<div class=\"jet-button__state jet-button__state-normal\">\n\t\t\t<span class=\"jet-button__label\">A propos de nous<\/span>\t\t<\/div>\n\t\t<div class=\"jet-button__state jet-button__state-hover\">\n\t\t\t<span class=\"jet-button__label\">A propos de nous<\/span>\t\t<\/div>\n\t<\/a>\n<\/div>\n<\/div>\t\t<\/div>\n\t\t\t\t<\/div>\n\t\t\t\t\t<\/div>\n\t\t<\/div>\n\t\t\t\t<div class=\"elementor-column elementor-col-50 elementor-inner-column elementor-element elementor-element-6092596\" data-id=\"6092596\" data-element_type=\"column\">\n\t\t\t<div class=\"elementor-widget-wrap\">\n\t\t\t\t\t\t\t\t\t<\/div>\n\t\t<\/div>\n\t\t\t\t\t\t\t<\/div>\n\t\t<\/section>\n\t\t\t\t\t<\/div>\n\t\t<\/div>\n\t\t\t\t\t\t\t<\/div>\n\t\t<\/section>\n\t\t\t\t<section class=\"elementor-section elementor-top-section elementor-element elementor-element-f06c6f7 elementor-section-full_width elementor-section-height-default elementor-section-height-default\" data-id=\"f06c6f7\" data-element_type=\"section\" data-settings=\"{&quot;jet_parallax_layout_list&quot;:[],&quot;background_background&quot;:&quot;classic&quot;}\">\n\t\t\t\t\t\t\t<div class=\"elementor-background-overlay\"><\/div>\n\t\t\t\t\t\t\t<div class=\"elementor-container elementor-column-gap-no\">\n\t\t\t\t\t<div class=\"elementor-column elementor-col-100 elementor-top-column elementor-element elementor-element-7614f22\" data-id=\"7614f22\" data-element_type=\"column\" data-settings=\"{&quot;background_background&quot;:&quot;classic&quot;}\">\n\t\t\t<div class=\"elementor-widget-wrap elementor-element-populated\">\n\t\t\t\t\t<div class=\"elementor-background-overlay\"><\/div>\n\t\t\t\t\t\t\t\t<section class=\"elementor-section elementor-inner-section elementor-element elementor-element-13bb1e6 elementor-section-boxed elementor-section-height-default elementor-section-height-default\" data-id=\"13bb1e6\" data-element_type=\"section\" data-settings=\"{&quot;jet_parallax_layout_list&quot;:[]}\">\n\t\t\t\t\t\t\t<div class=\"elementor-background-overlay\"><\/div>\n\t\t\t\t\t\t\t<div class=\"elementor-container elementor-column-gap-no\">\n\t\t\t\t\t<div class=\"elementor-column elementor-col-100 elementor-inner-column elementor-element elementor-element-7c5b62c\" data-id=\"7c5b62c\" data-element_type=\"column\">\n\t\t\t<div class=\"elementor-widget-wrap elementor-element-populated\">\n\t\t\t\t\t\t\t\t<div class=\"elementor-element elementor-element-b018a73 elementor-widget elementor-widget-jet-headline\" data-id=\"b018a73\" data-element_type=\"widget\" data-widget_type=\"jet-headline.default\">\n\t\t\t\t<div class=\"elementor-widget-container\">\n\t\t\t<div class=\"jet-headline jet-headline--direction-horizontal\"><span class=\"jet-headline__part jet-headline__first\"><span class=\"jet-headline__label\">01.<\/span><\/span><span class=\"jet-headline__space\">&nbsp;<\/span><span class=\"jet-headline__part jet-headline__second\"><span class=\"jet-headline__label\">FORMATION DU PERSONNEL DE GESTION DE LA QUALIT\u00c9<\/span><\/span><\/div>\t\t<\/div>\n\t\t\t\t<\/div>\n\t\t\t\t<div class=\"elementor-element elementor-element-c282fab elementor-widget elementor-widget-text-editor\" data-id=\"c282fab\" data-element_type=\"widget\" data-widget_type=\"text-editor.default\">\n\t\t\t\t<div class=\"elementor-widget-container\">\n\t\t\t\t\t\t\t<p>Sensibiliser et former le personnel \u00e0 la qualit\u00e9 est essentiel. Il est form\u00e9 aux nouvelles proc\u00e9dures et exigences du syst\u00e8me de management de la qualit\u00e9 et \u00e0 toute mise \u00e0 jour de la norme qui concerne son organisation ou le syst\u00e8me de management de la qualit\u00e9 interne. La sensibilisation est essentielle pour garantir la conformit\u00e9, tout comme la compr\u00e9hension des exigences et des impacts potentiels sur les processus. La formation est aussi l'occasion de partager un nouvel objectif de certification ou un nouvel outil de management afin de pr\u00e9parer les \u00e9quipes et faciliter la transition. En m\u00eame temps, c\u2019est aussi l\u2019occasion d\u2019avoir des retours des \u00e9quipes. Quel est l\u2019impact du QMS sur leur vie quotidienne ? Comment peuvent-ils optimiser leur temps et le syst\u00e8me pour une r\u00e9elle synergie ? Comment consolider le SMQ sans alourdir le quotidien ? De nombreux \u00e9changes peuvent avoir lieu et favoriser l\u2019am\u00e9lioration du management de la qualit\u00e9 de l\u2019organisation.<\/p>\t\t\t\t\t\t<\/div>\n\t\t\t\t<\/div>\n\t\t\t\t<div class=\"elementor-element elementor-element-c26dfd6 elementor-widget elementor-widget-jet-headline\" data-id=\"c26dfd6\" data-element_type=\"widget\" data-widget_type=\"jet-headline.default\">\n\t\t\t\t<div class=\"elementor-widget-container\">\n\t\t\t<div class=\"jet-headline jet-headline--direction-horizontal\"><span class=\"jet-headline__part jet-headline__first\"><span class=\"jet-headline__label\">02.<\/span><\/span><span class=\"jet-headline__space\">&nbsp;<\/span><span class=\"jet-headline__part jet-headline__second\"><span class=\"jet-headline__label\">FORMATION DU PERSONNEL \u00c0 LA GESTION DES RISQUES<\/span><\/span><\/div>\t\t<\/div>\n\t\t\t\t<\/div>\n\t\t\t\t<div class=\"elementor-element elementor-element-1f401c3 elementor-widget elementor-widget-text-editor\" data-id=\"1f401c3\" data-element_type=\"widget\" data-widget_type=\"text-editor.default\">\n\t\t\t\t<div class=\"elementor-widget-container\">\n\t\t\t\t\t\t\t<p>La formation \u00e0 la gestion des risques est la cl\u00e9 pour contr\u00f4ler les risques potentiels. La formation consiste \u00e0 mettre en avant l\u2019identification, l\u2019\u00e9valuation et la gestion des risques li\u00e9s aux processus et activit\u00e9s de l\u2019entreprise, ainsi que ceux des parties prenantes si un impact potentiel sur l\u2019activit\u00e9 est d\u00e9termin\u00e9. Les \u00e9tudes de cas peuvent \u00eatre utilis\u00e9es pour vous aider \u00e0 appliquer des concepts ou \u00e0 organiser des ateliers pour renforcer la capacit\u00e9 de votre personnel \u00e0 contribuer efficacement \u00e0 la gestion des risques dans votre organisation. L\u2019approche risques peut \u00e9galement s\u2019inscrire dans une d\u00e9marche m\u00e9thodologique avec des outils \u00e9prouv\u00e9s : cartographie des risques, matrice SWOT\u2026<\/p>\t\t\t\t\t\t<\/div>\n\t\t\t\t<\/div>\n\t\t\t\t\t<\/div>\n\t\t<\/div>\n\t\t\t\t\t\t\t<\/div>\n\t\t<\/section>\n\t\t\t\t\t<\/div>\n\t\t<\/div>\n\t\t\t\t\t\t\t<\/div>\n\t\t<\/section>\n\t\t\t\t\t\t\t<\/div>","protected":false},"excerpt":{"rendered":"<p>Quali Consult Mauritius Training Get your teams up to speed with a training adapted to your specific needs and the evolution of your management systems. Let\u2019s work together Let\u2019s work together More about us More about us 01.&nbsp;QUALITY MANAGEMENT STAFF TRAINING Raising awareness and training staff on quality is essential. He is trained in new [&hellip;]<\/p>","protected":false},"author":1,"featured_media":0,"parent":0,"menu_order":0,"comment_status":"closed","ping_status":"closed","template":"page-templates\/fullwidth-content.php","meta":{"footnotes":""},"class_list":["post-14603","page","type-page","status-publish","hentry","no-thumb"],"_links":{"self":[{"href":"https:\/\/qualiconsult-mu.com\/fr\/wp-json\/wp\/v2\/pages\/14603","targetHints":{"allow":["GET"]}}],"collection":[{"href":"https:\/\/qualiconsult-mu.com\/fr\/wp-json\/wp\/v2\/pages"}],"about":[{"href":"https:\/\/qualiconsult-mu.com\/fr\/wp-json\/wp\/v2\/types\/page"}],"author":[{"embeddable":true,"href":"https:\/\/qualiconsult-mu.com\/fr\/wp-json\/wp\/v2\/users\/1"}],"replies":[{"embeddable":true,"href":"https:\/\/qualiconsult-mu.com\/fr\/wp-json\/wp\/v2\/comments?post=14603"}],"version-history":[{"count":8,"href":"https:\/\/qualiconsult-mu.com\/fr\/wp-json\/wp\/v2\/pages\/14603\/revisions"}],"predecessor-version":[{"id":14724,"href":"https:\/\/qualiconsult-mu.com\/fr\/wp-json\/wp\/v2\/pages\/14603\/revisions\/14724"}],"wp:attachment":[{"href":"https:\/\/qualiconsult-mu.com\/fr\/wp-json\/wp\/v2\/media?parent=14603"}],"curies":[{"name":"wp","href":"https:\/\/api.w.org\/{rel}","templated":true}]}}