{"id":14596,"date":"2023-12-11T06:03:45","date_gmt":"2023-12-11T05:03:45","guid":{"rendered":"https:\/\/qualiconsult-mu.com\/?page_id=14596"},"modified":"2024-01-09T10:46:27","modified_gmt":"2024-01-09T09:46:27","slug":"news","status":"publish","type":"page","link":"https:\/\/qualiconsult-mu.com\/fr\/news\/","title":{"rendered":"NEWS"},"content":{"rendered":"<div data-elementor-type=\"wp-page\" data-elementor-id=\"14596\" class=\"elementor elementor-14596\">\n\t\t\t\t\t\t\t<div class=\"elementor-element elementor-element-b6f1748 e-flex e-con-boxed e-con e-parent\" data-id=\"b6f1748\" data-element_type=\"container\" data-settings=\"{&quot;background_background&quot;:&quot;classic&quot;,&quot;jet_parallax_layout_list&quot;:[],&quot;content_width&quot;:&quot;boxed&quot;}\" data-core-v316-plus=\"true\">\n\t\t\t\t\t<div class=\"e-con-inner\">\n\t\t\t\t<div class=\"elementor-element elementor-element-c7cf255 elementor-widget elementor-widget-heading\" data-id=\"c7cf255\" data-element_type=\"widget\" data-widget_type=\"heading.default\">\n\t\t\t\t<div class=\"elementor-widget-container\">\n\t\t\t<style>\/*! elementor - v3.18.0 - 04-12-2023 *\/\n.elementor-heading-title{padding:0;margin:0;line-height:1}.elementor-widget-heading .elementor-heading-title[class*=elementor-size-]>a{color:inherit;font-size:inherit;line-height:inherit}.elementor-widget-heading .elementor-heading-title.elementor-size-small{font-size:15px}.elementor-widget-heading .elementor-heading-title.elementor-size-medium{font-size:19px}.elementor-widget-heading .elementor-heading-title.elementor-size-large{font-size:29px}.elementor-widget-heading .elementor-heading-title.elementor-size-xl{font-size:39px}.elementor-widget-heading .elementor-heading-title.elementor-size-xxl{font-size:59px}<\/style><h1 class=\"elementor-heading-title elementor-size-default\">NEWS<\/h1>\t\t<\/div>\n\t\t\t\t<\/div>\n\t\t\t\t\t<\/div>\n\t\t\t\t<\/div>\n\t\t<div class=\"elementor-element elementor-element-15dc643 e-flex e-con-boxed e-con e-parent\" data-id=\"15dc643\" data-element_type=\"container\" data-settings=\"{&quot;jet_parallax_layout_list&quot;:[],&quot;content_width&quot;:&quot;boxed&quot;}\" data-core-v316-plus=\"true\">\n\t\t\t\t\t<div class=\"e-con-inner\">\n\t\t\t\t<div class=\"elementor-element elementor-element-6105e1d elementor-widget elementor-widget-jet-posts\" data-id=\"6105e1d\" data-element_type=\"widget\" data-settings=\"{&quot;columns&quot;:3,&quot;slides_to_scroll&quot;:&quot;1&quot;}\" data-widget_type=\"jet-posts.default\">\n\t\t\t\t<div class=\"elementor-widget-container\">\n\t\t\t<div class=\"elementor-jet-posts jet-elements\"><div class=\"jet-carousel elementor-slick-slider\" data-slider_options=\"{&quot;autoplaySpeed&quot;:5000,&quot;autoplay&quot;:true,&quot;infinite&quot;:true,&quot;pauseOnHover&quot;:false,&quot;speed&quot;:500,&quot;arrows&quot;:false,&quot;dots&quot;:true,&quot;slidesToScroll&quot;:1,&quot;prevArrow&quot;:&quot;.jet-posts__prev-arrow-6105e1d&quot;,&quot;nextArrow&quot;:&quot;.jet-posts__next-arrow-6105e1d&quot;,&quot;rtl&quot;:false}\" dir=\"ltr\"><div class=\"jet-posts col-row  jet-equal-cols\"><div class=\"jet-posts__item\">\n\t<div class=\"jet-posts__inner-box\"><div class=\"jet-posts__inner-content\"><h4 class=\"entry-title\"><a href=\"https:\/\/qualiconsult-mu.com\/fr\/new-partnership-atlantic-engineering\/\" target=\"\">Nouveau Partenariat : Atlantic Engineering<\/a><\/h4><div class=\"post-meta\"><span class=\"posted-by post-meta__item\">Posted by <a href=\"https:\/\/qualiconsult-mu.com\/fr\/author\/margaux\/\"  class=\"posted-by__author\" rel=\"author\">Margaux Doulcet<\/a><\/span><span class=\"post__date post-meta__item\"><a href=\"https:\/\/qualiconsult-mu.com\/fr\/2023\/12\/28\/\"  class=\"post__date-link\" ><time datetime=\"2023-12-28T12:05:24+01:00\" title=\"2023-12-28T12:05:24+01:00\">D\u00e9c 28, 2023<\/time><\/a><\/span><\/div><div class=\"entry-excerpt\">NEWS New Partnership: Atlantic Engineering In order to further assist its clients toward operational excellency, Quali Consult Ltd is now&hellip;<\/div><div class=\"jet-more-wrap\"><a href=\"https:\/\/qualiconsult-mu.com\/fr\/new-partnership-atlantic-engineering\/\" class=\"btn btn-primary elementor-button elementor-size-md jet-more\" target=\"\"><span class=\"btn__text\">En lire plus<\/span><\/a><\/div><\/div><\/div>\n<\/div>\n<div class=\"jet-posts__item\">\n\t<div class=\"jet-posts__inner-box\"><div class=\"jet-posts__inner-content\"><h4 class=\"entry-title\"><a href=\"https:\/\/qualiconsult-mu.com\/fr\/addendum-to-iso-90012015-in-january-2024-3\/\" target=\"\">Gestion des risques : anticiper pour pr\u00e9server<\/a><\/h4><div class=\"post-meta\"><span class=\"posted-by post-meta__item\">Posted by <a href=\"https:\/\/qualiconsult-mu.com\/fr\/author\/qualiconsult\/\"  class=\"posted-by__author\" rel=\"author\">QualiConsult<\/a><\/span><span class=\"post__date post-meta__item\"><a href=\"https:\/\/qualiconsult-mu.com\/fr\/2023\/12\/11\/\"  class=\"post__date-link\" ><time datetime=\"2023-12-11T05:45:24+01:00\" title=\"2023-12-11T05:45:24+01:00\">D\u00e9c 11, 2023<\/time><\/a><\/span><\/div><div class=\"entry-excerpt\">NEWS Risk management: anticipate to preserve According to U. Beck (2001; 1986), U. Beck, A. Giddens and S. Lash (1994),&hellip;<\/div><div class=\"jet-more-wrap\"><a href=\"https:\/\/qualiconsult-mu.com\/fr\/addendum-to-iso-90012015-in-january-2024-3\/\" class=\"btn btn-primary elementor-button elementor-size-md jet-more\" target=\"\"><span class=\"btn__text\">En lire plus<\/span><\/a><\/div><\/div><\/div>\n<\/div>\n<div class=\"jet-posts__item\">\n\t<div class=\"jet-posts__inner-box\"><div class=\"jet-posts__inner-content\"><h4 class=\"entry-title\"><a href=\"https:\/\/qualiconsult-mu.com\/fr\/addendum-to-iso-90012015-in-january-2024-2\/\" target=\"\">Pourquoi entamer une d\u00e9marche de management de la qualit\u00e9 ?<\/a><\/h4><div class=\"post-meta\"><span class=\"posted-by post-meta__item\">Posted by <a href=\"https:\/\/qualiconsult-mu.com\/fr\/author\/qualiconsult\/\"  class=\"posted-by__author\" rel=\"author\">QualiConsult<\/a><\/span><span class=\"post__date post-meta__item\"><a href=\"https:\/\/qualiconsult-mu.com\/fr\/2023\/12\/11\/\"  class=\"post__date-link\" ><time datetime=\"2023-12-11T05:40:53+01:00\" title=\"2023-12-11T05:40:53+01:00\">D\u00e9c 11, 2023<\/time><\/a><\/span><\/div><div class=\"entry-excerpt\">ACTUALIT\u00c9S Pourquoi d\u00e9marrer une d\u00e9marche de gestion de la qualit\u00e9 ? Tout d\u2019abord, quelques chiffres : les co\u00fbts directs et indirects de la non-qualit\u00e9 sont encore sous-estim\u00e9s\u2026<\/div><div class=\"jet-more-wrap\"><a href=\"https:\/\/qualiconsult-mu.com\/fr\/addendum-to-iso-90012015-in-january-2024-2\/\" class=\"btn btn-primary elementor-button elementor-size-md jet-more\" target=\"\"><span class=\"btn__text\">En lire plus<\/span><\/a><\/div><\/div><\/div>\n<\/div>\n<div class=\"jet-posts__item\">\n\t<div class=\"jet-posts__inner-box\"><div class=\"jet-posts__inner-content\"><h4 class=\"entry-title\"><a href=\"https:\/\/qualiconsult-mu.com\/fr\/addendum-to-iso-90012015-in-january-2024\/\" target=\"\">ADDENDUM \u00c0 l'ISO 9001:2015 en janvier 2024<\/a><\/h4><div class=\"post-meta\"><span class=\"posted-by post-meta__item\">Posted by <a href=\"https:\/\/qualiconsult-mu.com\/fr\/author\/qualiconsult\/\"  class=\"posted-by__author\" rel=\"author\">QualiConsult<\/a><\/span><span class=\"post__date post-meta__item\"><a href=\"https:\/\/qualiconsult-mu.com\/fr\/2023\/12\/11\/\"  class=\"post__date-link\" ><time datetime=\"2023-12-11T05:35:33+01:00\" title=\"2023-12-11T05:35:33+01:00\">D\u00e9c 11, 2023<\/time><\/a><\/span><\/div><div class=\"entry-excerpt\">NEWS ADDENDUM TO ISO 9001:2015 in January 2024 January 2024 should see the arrival of an addendum to the ISO&hellip;<\/div><div class=\"jet-more-wrap\"><a href=\"https:\/\/qualiconsult-mu.com\/fr\/addendum-to-iso-90012015-in-january-2024\/\" class=\"btn btn-primary elementor-button elementor-size-md jet-more\" target=\"\"><span class=\"btn__text\">En lire plus<\/span><\/a><\/div><\/div><\/div>\n<\/div>\n<\/div>\n<\/div><\/div>\t\t<\/div>\n\t\t\t\t<\/div>\n\t\t\t\t\t<\/div>\n\t\t\t\t<\/div>\n\t\t\t\t\t\t\t<\/div>","protected":false},"excerpt":{"rendered":"<p>NEWS New Partnership: Atlantic Engineering Posted by Margaux DoulcetDec 28, 2023NEWS New Partnership: Atlantic Engineering In order to further assist its clients toward operational excellency, Quali Consult Ltd is now&hellip;Read More Risk management: anticipate to preserve Posted by QualiConsultDec 11, 2023NEWS Risk management: anticipate to preserve According to U. Beck (2001; 1986), U. Beck, A. [&hellip;]<\/p>","protected":false},"author":1,"featured_media":0,"parent":0,"menu_order":0,"comment_status":"closed","ping_status":"closed","template":"elementor_header_footer","meta":{"footnotes":""},"class_list":["post-14596","page","type-page","status-publish","hentry","no-thumb"],"_links":{"self":[{"href":"https:\/\/qualiconsult-mu.com\/fr\/wp-json\/wp\/v2\/pages\/14596","targetHints":{"allow":["GET"]}}],"collection":[{"href":"https:\/\/qualiconsult-mu.com\/fr\/wp-json\/wp\/v2\/pages"}],"about":[{"href":"https:\/\/qualiconsult-mu.com\/fr\/wp-json\/wp\/v2\/types\/page"}],"author":[{"embeddable":true,"href":"https:\/\/qualiconsult-mu.com\/fr\/wp-json\/wp\/v2\/users\/1"}],"replies":[{"embeddable":true,"href":"https:\/\/qualiconsult-mu.com\/fr\/wp-json\/wp\/v2\/comments?post=14596"}],"version-history":[{"count":12,"href":"https:\/\/qualiconsult-mu.com\/fr\/wp-json\/wp\/v2\/pages\/14596\/revisions"}],"predecessor-version":[{"id":14697,"href":"https:\/\/qualiconsult-mu.com\/fr\/wp-json\/wp\/v2\/pages\/14596\/revisions\/14697"}],"wp:attachment":[{"href":"https:\/\/qualiconsult-mu.com\/fr\/wp-json\/wp\/v2\/media?parent=14596"}],"curies":[{"name":"wp","href":"https:\/\/api.w.org\/{rel}","templated":true}]}}