{"id":14485,"date":"2023-11-22T19:39:30","date_gmt":"2023-11-22T18:39:30","guid":{"rendered":"https:\/\/qualiconsult-mu.com\/?page_id=14485"},"modified":"2023-12-11T06:22:07","modified_gmt":"2023-12-11T05:22:07","slug":"risk-management","status":"publish","type":"page","link":"https:\/\/qualiconsult-mu.com\/fr\/risk-management\/","title":{"rendered":"Gestion des Risques"},"content":{"rendered":"<div data-elementor-type=\"wp-page\" data-elementor-id=\"14485\" class=\"elementor elementor-14485\">\n\t\t\t\t\t\t\t\t\t<section class=\"elementor-section elementor-top-section elementor-element elementor-element-7af84c6 elementor-section-full_width elementor-section-height-default elementor-section-height-default\" data-id=\"7af84c6\" data-element_type=\"section\" data-settings=\"{&quot;jet_parallax_layout_list&quot;:[],&quot;background_background&quot;:&quot;classic&quot;}\">\n\t\t\t\t\t\t\t<div class=\"elementor-background-overlay\"><\/div>\n\t\t\t\t\t\t\t<div class=\"elementor-container elementor-column-gap-no\">\n\t\t\t\t\t<div class=\"elementor-column elementor-col-100 elementor-top-column elementor-element elementor-element-f967efe\" data-id=\"f967efe\" data-element_type=\"column\" data-settings=\"{&quot;background_background&quot;:&quot;classic&quot;}\">\n\t\t\t<div class=\"elementor-widget-wrap elementor-element-populated\">\n\t\t\t\t\t<div class=\"elementor-background-overlay\"><\/div>\n\t\t\t\t\t\t\t\t<section class=\"elementor-section elementor-inner-section elementor-element elementor-element-3ec73f7 elementor-section-boxed elementor-section-height-default elementor-section-height-default\" data-id=\"3ec73f7\" data-element_type=\"section\" data-settings=\"{&quot;jet_parallax_layout_list&quot;:[]}\">\n\t\t\t\t\t\t<div class=\"elementor-container elementor-column-gap-no\">\n\t\t\t\t\t<div class=\"elementor-column elementor-col-50 elementor-inner-column elementor-element elementor-element-adc846d elementor-invisible\" data-id=\"adc846d\" data-element_type=\"column\" data-settings=\"{&quot;animation&quot;:&quot;fadeInLeft&quot;}\">\n\t\t\t<div class=\"elementor-widget-wrap elementor-element-populated\">\n\t\t\t\t\t\t\t\t<div class=\"elementor-element elementor-element-e38510e elementor-widget elementor-widget-text-editor\" data-id=\"e38510e\" data-element_type=\"widget\" data-widget_type=\"text-editor.default\">\n\t\t\t\t<div class=\"elementor-widget-container\">\n\t\t\t<style>\/*! elementor - v3.18.0 - 04-12-2023 *\/\n.elementor-widget-text-editor.elementor-drop-cap-view-stacked .elementor-drop-cap{background-color:#69727d;color:#fff}.elementor-widget-text-editor.elementor-drop-cap-view-framed .elementor-drop-cap{color:#69727d;border:3px solid;background-color:transparent}.elementor-widget-text-editor:not(.elementor-drop-cap-view-default) .elementor-drop-cap{margin-top:8px}.elementor-widget-text-editor:not(.elementor-drop-cap-view-default) .elementor-drop-cap-letter{width:1em;height:1em}.elementor-widget-text-editor .elementor-drop-cap{float:left;text-align:center;line-height:1;font-size:50px}.elementor-widget-text-editor .elementor-drop-cap-letter{display:inline-block}<\/style>\t\t\t\t<p>Quali Consult Ile Maurice<\/p>\t\t\t\t\t\t<\/div>\n\t\t\t\t<\/div>\n\t\t\t\t<div class=\"elementor-element elementor-element-18b80ca elementor-widget elementor-widget-heading\" data-id=\"18b80ca\" data-element_type=\"widget\" data-widget_type=\"heading.default\">\n\t\t\t\t<div class=\"elementor-widget-container\">\n\t\t\t<style>\/*! elementor - v3.18.0 - 04-12-2023 *\/\n.elementor-heading-title{padding:0;margin:0;line-height:1}.elementor-widget-heading .elementor-heading-title[class*=elementor-size-]>a{color:inherit;font-size:inherit;line-height:inherit}.elementor-widget-heading .elementor-heading-title.elementor-size-small{font-size:15px}.elementor-widget-heading .elementor-heading-title.elementor-size-medium{font-size:19px}.elementor-widget-heading .elementor-heading-title.elementor-size-large{font-size:29px}.elementor-widget-heading .elementor-heading-title.elementor-size-xl{font-size:39px}.elementor-widget-heading .elementor-heading-title.elementor-size-xxl{font-size:59px}<\/style><h1 class=\"elementor-heading-title elementor-size-default\">Gestion des Risques<\/h1>\t\t<\/div>\n\t\t\t\t<\/div>\n\t\t\t\t<div class=\"elementor-element elementor-element-e52dc83 elementor-widget elementor-widget-text-editor\" data-id=\"e52dc83\" data-element_type=\"widget\" data-widget_type=\"text-editor.default\">\n\t\t\t\t<div class=\"elementor-widget-container\">\n\t\t\t\t\t\t\t<p>Anticipez, \u00e9valuez et g\u00e9rez efficacement les risques au sein de votre organisation. Notre approche proactive identifie les opportunit\u00e9s et minimise les menaces, garantissant ainsi la r\u00e9silience et la durabilit\u00e9 de votre entreprise.<\/p>\t\t\t\t\t\t<\/div>\n\t\t\t\t<\/div>\n\t\t\t\t<div class=\"elementor-element elementor-element-33dfcf9 elementor-widget__width-auto elementor-widget elementor-widget-jet-button\" data-id=\"33dfcf9\" data-element_type=\"widget\" data-settings=\"{&quot;_animation&quot;:&quot;none&quot;}\" data-widget_type=\"jet-button.default\">\n\t\t\t\t<div class=\"elementor-widget-container\">\n\t\t\t<div class=\"elementor-jet-button jet-elements\"><div class=\"jet-button__container\">\n\t<a class=\"jet-button__instance jet-button__instance--icon- hover-effect-0\" href=\"https:\/\/qualiconsult-mu.com\/fr\/contact\/\">\n\t\t<div class=\"jet-button__plane jet-button__plane-normal\"><\/div>\n\t\t<div class=\"jet-button__plane jet-button__plane-hover\"><\/div>\n\t\t<div class=\"jet-button__state jet-button__state-normal\">\n\t\t\t<span class=\"jet-button__label\">Voir nos services<\/span>\t\t<\/div>\n\t\t<div class=\"jet-button__state jet-button__state-hover\">\n\t\t\t<span class=\"jet-button__label\">Voir nos services<\/span>\t\t<\/div>\n\t<\/a>\n<\/div>\n<\/div>\t\t<\/div>\n\t\t\t\t<\/div>\n\t\t\t\t<div class=\"elementor-element elementor-element-e0413c6 elementor-widget__width-auto elementor-widget elementor-widget-jet-button\" data-id=\"e0413c6\" data-element_type=\"widget\" data-widget_type=\"jet-button.default\">\n\t\t\t\t<div class=\"elementor-widget-container\">\n\t\t\t<div class=\"elementor-jet-button jet-elements\"><div class=\"jet-button__container\">\n\t<a class=\"jet-button__instance jet-button__instance--icon-left hover-effect-0\" href=\"https:\/\/qualiconsult-mu.com\/fr\/about\/\">\n\t\t<div class=\"jet-button__plane jet-button__plane-normal\"><\/div>\n\t\t<div class=\"jet-button__plane jet-button__plane-hover\"><\/div>\n\t\t<div class=\"jet-button__state jet-button__state-normal\">\n\t\t\t<span class=\"jet-button__label\">A propos de nous<\/span>\t\t<\/div>\n\t\t<div class=\"jet-button__state jet-button__state-hover\">\n\t\t\t<span class=\"jet-button__label\">A propos de nous<\/span>\t\t<\/div>\n\t<\/a>\n<\/div>\n<\/div>\t\t<\/div>\n\t\t\t\t<\/div>\n\t\t\t\t\t<\/div>\n\t\t<\/div>\n\t\t\t\t<div class=\"elementor-column elementor-col-50 elementor-inner-column elementor-element elementor-element-6092596\" data-id=\"6092596\" data-element_type=\"column\">\n\t\t\t<div class=\"elementor-widget-wrap\">\n\t\t\t\t\t\t\t\t\t<\/div>\n\t\t<\/div>\n\t\t\t\t\t\t\t<\/div>\n\t\t<\/section>\n\t\t\t\t\t<\/div>\n\t\t<\/div>\n\t\t\t\t\t\t\t<\/div>\n\t\t<\/section>\n\t\t\t\t<section class=\"elementor-section elementor-top-section elementor-element elementor-element-f06c6f7 elementor-section-full_width elementor-section-height-default elementor-section-height-default\" data-id=\"f06c6f7\" data-element_type=\"section\" data-settings=\"{&quot;jet_parallax_layout_list&quot;:[],&quot;background_background&quot;:&quot;classic&quot;}\">\n\t\t\t\t\t\t\t<div class=\"elementor-background-overlay\"><\/div>\n\t\t\t\t\t\t\t<div class=\"elementor-container elementor-column-gap-no\">\n\t\t\t\t\t<div class=\"elementor-column elementor-col-100 elementor-top-column elementor-element elementor-element-7614f22\" data-id=\"7614f22\" data-element_type=\"column\" data-settings=\"{&quot;background_background&quot;:&quot;classic&quot;}\">\n\t\t\t<div class=\"elementor-widget-wrap elementor-element-populated\">\n\t\t\t\t\t<div class=\"elementor-background-overlay\"><\/div>\n\t\t\t\t\t\t\t\t<section class=\"elementor-section elementor-inner-section elementor-element elementor-element-13bb1e6 elementor-section-boxed elementor-section-height-default elementor-section-height-default\" data-id=\"13bb1e6\" data-element_type=\"section\" data-settings=\"{&quot;jet_parallax_layout_list&quot;:[]}\">\n\t\t\t\t\t\t\t<div class=\"elementor-background-overlay\"><\/div>\n\t\t\t\t\t\t\t<div class=\"elementor-container elementor-column-gap-no\">\n\t\t\t\t\t<div class=\"elementor-column elementor-col-100 elementor-inner-column elementor-element elementor-element-7c5b62c\" data-id=\"7c5b62c\" data-element_type=\"column\">\n\t\t\t<div class=\"elementor-widget-wrap elementor-element-populated\">\n\t\t\t\t\t\t\t\t<div class=\"elementor-element elementor-element-b018a73 elementor-widget elementor-widget-jet-headline\" data-id=\"b018a73\" data-element_type=\"widget\" data-widget_type=\"jet-headline.default\">\n\t\t\t\t<div class=\"elementor-widget-container\">\n\t\t\t<div class=\"jet-headline jet-headline--direction-horizontal\"><span class=\"jet-headline__part jet-headline__first\"><span class=\"jet-headline__label\">01.<\/span><\/span><span class=\"jet-headline__space\">&nbsp;<\/span><span class=\"jet-headline__part jet-headline__second\"><span class=\"jet-headline__label\">IDENTIFICATION ET \u00c9VALUATION DES RISQUES<\/span><\/span><\/div>\t\t<\/div>\n\t\t\t\t<\/div>\n\t\t\t\t<div class=\"elementor-element elementor-element-c282fab elementor-widget elementor-widget-text-editor\" data-id=\"c282fab\" data-element_type=\"widget\" data-widget_type=\"text-editor.default\">\n\t\t\t\t<div class=\"elementor-widget-container\">\n\t\t\t\t\t\t\t<p>Travaille \u00e0 identifier les risques potentiels auxquels les organisations pourraient \u00eatre confront\u00e9es gr\u00e2ce \u00e0 une analyse approfondie des processus commerciaux, des op\u00e9rations et de l\u2019environnement global.<\/p><p>Une fois les risques identifi\u00e9s, \u00e9valuation de l\u2019impact potentiel et de la probabilit\u00e9 de leur survenance. Cette \u00e9valuation permet de prioriser les risques en fonction de leur criticit\u00e9 pour l'entreprise.<\/p>\t\t\t\t\t\t<\/div>\n\t\t\t\t<\/div>\n\t\t\t\t<div class=\"elementor-element elementor-element-c26dfd6 elementor-widget elementor-widget-jet-headline\" data-id=\"c26dfd6\" data-element_type=\"widget\" data-widget_type=\"jet-headline.default\">\n\t\t\t\t<div class=\"elementor-widget-container\">\n\t\t\t<div class=\"jet-headline jet-headline--direction-horizontal\"><span class=\"jet-headline__part jet-headline__first\"><span class=\"jet-headline__label\">02.<\/span><\/span><span class=\"jet-headline__space\">&nbsp;<\/span><span class=\"jet-headline__part jet-headline__second\"><span class=\"jet-headline__label\">\u00c9LABORATION DE STRAT\u00c9GIES DE GESTION DES RISQUES ET MISE EN PLACE DE SYST\u00c8MES DE SURVEILLANCE<\/span><\/span><\/div>\t\t<\/div>\n\t\t\t\t<\/div>\n\t\t\t\t<div class=\"elementor-element elementor-element-1f401c3 elementor-widget elementor-widget-text-editor\" data-id=\"1f401c3\" data-element_type=\"widget\" data-widget_type=\"text-editor.default\">\n\t\t\t\t<div class=\"elementor-widget-container\">\n\t\t\t\t\t\t\t<p>Sur la base de l'\u00e9valuation des risques, un travail conjoint avec l'entreprise permet d'\u00e9laborer des strat\u00e9gies de gestion des risques. Cela peut inclure des recommandations sur la mani\u00e8re de r\u00e9duire les risques, de les transf\u00e9rer \u00e0 des tiers (par exemple par le biais d'une assurance) ou de les accepter sciemment. Des syst\u00e8mes de surveillance peuvent \u00eatre mis en place pour d\u00e9tecter rapidement les signes avant-coureurs de risques \u00e9mergents. Cela peut inclure l'utilisation de technologies avanc\u00e9es, de tableaux de bord de gestion des risques et de processus de reporting r\u00e9guliers.<\/p><p>Au fil du temps, les consultants aident les organisations \u00e0 ajuster leurs strat\u00e9gies de gestion des risques en fonction des changements dans leur environnement op\u00e9rationnel, des \u00e9volutions du march\u00e9 et des nouvelles menaces.<\/p><p>En r\u00e9sum\u00e9, un service de conseil en gestion des risques vise \u00e0 renforcer la r\u00e9silience des entreprises en anticipant, \u00e9valuant et g\u00e9rant de mani\u00e8re proactive les risques auxquels elles sont expos\u00e9es.<\/p>\t\t\t\t\t\t<\/div>\n\t\t\t\t<\/div>\n\t\t\t\t\t<\/div>\n\t\t<\/div>\n\t\t\t\t\t\t\t<\/div>\n\t\t<\/section>\n\t\t\t\t\t<\/div>\n\t\t<\/div>\n\t\t\t\t\t\t\t<\/div>\n\t\t<\/section>\n\t\t\t\t\t\t\t<\/div>","protected":false},"excerpt":{"rendered":"<p>Quali Consult Mauritius Risk Management Anticipate, assess and effectively manage risks within your organization. Our proactive approach identifies opportunities and minimizes threats, ensuring the resilience and sustainability of your business. Let\u2019s work together Let\u2019s work together More about us More about us 01.&nbsp;IDENTIFICATION AND ASSESSMENT OF RISKS Works to identify potential risks that organizations could [&hellip;]<\/p>","protected":false},"author":1,"featured_media":0,"parent":0,"menu_order":0,"comment_status":"closed","ping_status":"closed","template":"page-templates\/fullwidth-content.php","meta":{"footnotes":""},"class_list":["post-14485","page","type-page","status-publish","hentry","no-thumb"],"_links":{"self":[{"href":"https:\/\/qualiconsult-mu.com\/fr\/wp-json\/wp\/v2\/pages\/14485","targetHints":{"allow":["GET"]}}],"collection":[{"href":"https:\/\/qualiconsult-mu.com\/fr\/wp-json\/wp\/v2\/pages"}],"about":[{"href":"https:\/\/qualiconsult-mu.com\/fr\/wp-json\/wp\/v2\/types\/page"}],"author":[{"embeddable":true,"href":"https:\/\/qualiconsult-mu.com\/fr\/wp-json\/wp\/v2\/users\/1"}],"replies":[{"embeddable":true,"href":"https:\/\/qualiconsult-mu.com\/fr\/wp-json\/wp\/v2\/comments?post=14485"}],"version-history":[{"count":13,"href":"https:\/\/qualiconsult-mu.com\/fr\/wp-json\/wp\/v2\/pages\/14485\/revisions"}],"predecessor-version":[{"id":14610,"href":"https:\/\/qualiconsult-mu.com\/fr\/wp-json\/wp\/v2\/pages\/14485\/revisions\/14610"}],"wp:attachment":[{"href":"https:\/\/qualiconsult-mu.com\/fr\/wp-json\/wp\/v2\/media?parent=14485"}],"curies":[{"name":"wp","href":"https:\/\/api.w.org\/{rel}","templated":true}]}}