{"id":14483,"date":"2023-11-22T19:32:17","date_gmt":"2023-11-22T18:32:17","guid":{"rendered":"https:\/\/qualiconsult-mu.com\/?page_id=14483"},"modified":"2023-12-11T06:21:00","modified_gmt":"2023-12-11T05:21:00","slug":"quality-management","status":"publish","type":"page","link":"https:\/\/qualiconsult-mu.com\/fr\/quality-management\/","title":{"rendered":"Management de la Qualit\u00e9"},"content":{"rendered":"<div data-elementor-type=\"wp-page\" data-elementor-id=\"14483\" class=\"elementor elementor-14483\">\n\t\t\t\t\t\t\t\t\t<section class=\"elementor-section elementor-top-section elementor-element elementor-element-7af84c6 elementor-section-full_width elementor-section-height-default elementor-section-height-default\" data-id=\"7af84c6\" data-element_type=\"section\" data-settings=\"{&quot;jet_parallax_layout_list&quot;:[],&quot;background_background&quot;:&quot;classic&quot;}\">\n\t\t\t\t\t\t<div class=\"elementor-container elementor-column-gap-no\">\n\t\t\t\t\t<div class=\"elementor-column elementor-col-100 elementor-top-column elementor-element elementor-element-f967efe\" data-id=\"f967efe\" data-element_type=\"column\" data-settings=\"{&quot;background_background&quot;:&quot;classic&quot;}\">\n\t\t\t<div class=\"elementor-widget-wrap elementor-element-populated\">\n\t\t\t\t\t<div class=\"elementor-background-overlay\"><\/div>\n\t\t\t\t\t\t\t\t<section class=\"elementor-section elementor-inner-section elementor-element elementor-element-3ec73f7 elementor-section-boxed elementor-section-height-default elementor-section-height-default\" data-id=\"3ec73f7\" data-element_type=\"section\" data-settings=\"{&quot;jet_parallax_layout_list&quot;:[]}\">\n\t\t\t\t\t\t<div class=\"elementor-container elementor-column-gap-no\">\n\t\t\t\t\t<div class=\"elementor-column elementor-col-50 elementor-inner-column elementor-element elementor-element-adc846d elementor-invisible\" data-id=\"adc846d\" data-element_type=\"column\" data-settings=\"{&quot;animation&quot;:&quot;fadeInLeft&quot;}\">\n\t\t\t<div class=\"elementor-widget-wrap elementor-element-populated\">\n\t\t\t\t\t\t\t\t<div class=\"elementor-element elementor-element-e38510e elementor-widget elementor-widget-text-editor\" data-id=\"e38510e\" data-element_type=\"widget\" data-widget_type=\"text-editor.default\">\n\t\t\t\t<div class=\"elementor-widget-container\">\n\t\t\t<style>\/*! elementor - v3.18.0 - 04-12-2023 *\/\n.elementor-widget-text-editor.elementor-drop-cap-view-stacked .elementor-drop-cap{background-color:#69727d;color:#fff}.elementor-widget-text-editor.elementor-drop-cap-view-framed .elementor-drop-cap{color:#69727d;border:3px solid;background-color:transparent}.elementor-widget-text-editor:not(.elementor-drop-cap-view-default) .elementor-drop-cap{margin-top:8px}.elementor-widget-text-editor:not(.elementor-drop-cap-view-default) .elementor-drop-cap-letter{width:1em;height:1em}.elementor-widget-text-editor .elementor-drop-cap{float:left;text-align:center;line-height:1;font-size:50px}.elementor-widget-text-editor .elementor-drop-cap-letter{display:inline-block}<\/style>\t\t\t\t<p>Quali Consult Ile Maurice<\/p>\t\t\t\t\t\t<\/div>\n\t\t\t\t<\/div>\n\t\t\t\t<div class=\"elementor-element elementor-element-18b80ca elementor-widget elementor-widget-heading\" data-id=\"18b80ca\" data-element_type=\"widget\" data-widget_type=\"heading.default\">\n\t\t\t\t<div class=\"elementor-widget-container\">\n\t\t\t<style>\/*! elementor - v3.18.0 - 04-12-2023 *\/\n.elementor-heading-title{padding:0;margin:0;line-height:1}.elementor-widget-heading .elementor-heading-title[class*=elementor-size-]>a{color:inherit;font-size:inherit;line-height:inherit}.elementor-widget-heading .elementor-heading-title.elementor-size-small{font-size:15px}.elementor-widget-heading .elementor-heading-title.elementor-size-medium{font-size:19px}.elementor-widget-heading .elementor-heading-title.elementor-size-large{font-size:29px}.elementor-widget-heading .elementor-heading-title.elementor-size-xl{font-size:39px}.elementor-widget-heading .elementor-heading-title.elementor-size-xxl{font-size:59px}<\/style><h1 class=\"elementor-heading-title elementor-size-default\">Management de la Qualit\u00e9<\/h1>\t\t<\/div>\n\t\t\t\t<\/div>\n\t\t\t\t<div class=\"elementor-element elementor-element-e52dc83 elementor-widget elementor-widget-text-editor\" data-id=\"e52dc83\" data-element_type=\"widget\" data-widget_type=\"text-editor.default\">\n\t\t\t\t<div class=\"elementor-widget-container\">\n\t\t\t\t\t\t\t<p>Transformez vos processus op\u00e9rationnels gr\u00e2ce \u00e0 notre expertise dans l\u2019\u00e9tablissement et l\u2019optimisation de syst\u00e8mes de management de la qualit\u00e9. Nous vous accompagnons pour atteindre les normes internationales (ISO, ATEX, etc.) et d\u00e9passer les attentes de vos clients :<\/p>\t\t\t\t\t\t<\/div>\n\t\t\t\t<\/div>\n\t\t\t\t<div class=\"elementor-element elementor-element-33dfcf9 elementor-widget__width-auto elementor-widget elementor-widget-jet-button\" data-id=\"33dfcf9\" data-element_type=\"widget\" data-settings=\"{&quot;_animation&quot;:&quot;none&quot;}\" data-widget_type=\"jet-button.default\">\n\t\t\t\t<div class=\"elementor-widget-container\">\n\t\t\t<div class=\"elementor-jet-button jet-elements\"><div class=\"jet-button__container\">\n\t<a class=\"jet-button__instance jet-button__instance--icon- hover-effect-0\" href=\"https:\/\/qualiconsult-mu.com\/fr\/contact\/\">\n\t\t<div class=\"jet-button__plane jet-button__plane-normal\"><\/div>\n\t\t<div class=\"jet-button__plane jet-button__plane-hover\"><\/div>\n\t\t<div class=\"jet-button__state jet-button__state-normal\">\n\t\t\t<span class=\"jet-button__label\">Voir nos services<\/span>\t\t<\/div>\n\t\t<div class=\"jet-button__state jet-button__state-hover\">\n\t\t\t<span class=\"jet-button__label\">Voir nos services<\/span>\t\t<\/div>\n\t<\/a>\n<\/div>\n<\/div>\t\t<\/div>\n\t\t\t\t<\/div>\n\t\t\t\t<div class=\"elementor-element elementor-element-e0413c6 elementor-widget__width-auto elementor-widget elementor-widget-jet-button\" data-id=\"e0413c6\" data-element_type=\"widget\" data-widget_type=\"jet-button.default\">\n\t\t\t\t<div class=\"elementor-widget-container\">\n\t\t\t<div class=\"elementor-jet-button jet-elements\"><div class=\"jet-button__container\">\n\t<a class=\"jet-button__instance jet-button__instance--icon-left hover-effect-0\" href=\"https:\/\/qualiconsult-mu.com\/fr\/about\/\">\n\t\t<div class=\"jet-button__plane jet-button__plane-normal\"><\/div>\n\t\t<div class=\"jet-button__plane jet-button__plane-hover\"><\/div>\n\t\t<div class=\"jet-button__state jet-button__state-normal\">\n\t\t\t<span class=\"jet-button__label\">A propos de nous<\/span>\t\t<\/div>\n\t\t<div class=\"jet-button__state jet-button__state-hover\">\n\t\t\t<span class=\"jet-button__label\">A propos de nous<\/span>\t\t<\/div>\n\t<\/a>\n<\/div>\n<\/div>\t\t<\/div>\n\t\t\t\t<\/div>\n\t\t\t\t\t<\/div>\n\t\t<\/div>\n\t\t\t\t<div class=\"elementor-column elementor-col-50 elementor-inner-column elementor-element elementor-element-6092596\" data-id=\"6092596\" data-element_type=\"column\">\n\t\t\t<div class=\"elementor-widget-wrap\">\n\t\t\t\t\t\t\t\t\t<\/div>\n\t\t<\/div>\n\t\t\t\t\t\t\t<\/div>\n\t\t<\/section>\n\t\t\t\t\t<\/div>\n\t\t<\/div>\n\t\t\t\t\t\t\t<\/div>\n\t\t<\/section>\n\t\t\t\t<section class=\"elementor-section elementor-top-section elementor-element elementor-element-f06c6f7 elementor-section-full_width elementor-section-height-default elementor-section-height-default\" data-id=\"f06c6f7\" data-element_type=\"section\" data-settings=\"{&quot;jet_parallax_layout_list&quot;:[],&quot;background_background&quot;:&quot;classic&quot;}\">\n\t\t\t\t\t\t\t<div class=\"elementor-background-overlay\"><\/div>\n\t\t\t\t\t\t\t<div class=\"elementor-container elementor-column-gap-no\">\n\t\t\t\t\t<div class=\"elementor-column elementor-col-100 elementor-top-column elementor-element elementor-element-7614f22\" data-id=\"7614f22\" data-element_type=\"column\" data-settings=\"{&quot;background_background&quot;:&quot;classic&quot;}\">\n\t\t\t<div class=\"elementor-widget-wrap elementor-element-populated\">\n\t\t\t\t\t<div class=\"elementor-background-overlay\"><\/div>\n\t\t\t\t\t\t\t\t<section class=\"elementor-section elementor-inner-section elementor-element elementor-element-13bb1e6 elementor-section-boxed elementor-section-height-default elementor-section-height-default\" data-id=\"13bb1e6\" data-element_type=\"section\" data-settings=\"{&quot;jet_parallax_layout_list&quot;:[]}\">\n\t\t\t\t\t\t\t<div class=\"elementor-background-overlay\"><\/div>\n\t\t\t\t\t\t\t<div class=\"elementor-container elementor-column-gap-no\">\n\t\t\t\t\t<div class=\"elementor-column elementor-col-100 elementor-inner-column elementor-element elementor-element-7c5b62c\" data-id=\"7c5b62c\" data-element_type=\"column\">\n\t\t\t<div class=\"elementor-widget-wrap elementor-element-populated\">\n\t\t\t\t\t\t\t\t<div class=\"elementor-element elementor-element-b018a73 elementor-widget elementor-widget-jet-headline\" data-id=\"b018a73\" data-element_type=\"widget\" data-widget_type=\"jet-headline.default\">\n\t\t\t\t<div class=\"elementor-widget-container\">\n\t\t\t<div class=\"jet-headline jet-headline--direction-horizontal\"><span class=\"jet-headline__part jet-headline__first\"><span class=\"jet-headline__label\">01.<\/span><\/span><span class=\"jet-headline__space\">&nbsp;<\/span><span class=\"jet-headline__part jet-headline__second\"><span class=\"jet-headline__label\">01. MISE EN PLACE \/ RECONCEPTION DE VOTRE SYST\u00c8ME DE MANAGEMENT DE LA QUALIT\u00c9<\/span><\/span><\/div>\t\t<\/div>\n\t\t\t\t<\/div>\n\t\t\t\t<div class=\"elementor-element elementor-element-c282fab elementor-widget elementor-widget-text-editor\" data-id=\"c282fab\" data-element_type=\"widget\" data-widget_type=\"text-editor.default\">\n\t\t\t\t<div class=\"elementor-widget-container\">\n\t\t\t\t\t\t\t<p>La mise en \u0153uvre ou la refonte d\u2019un syst\u00e8me de gestion de la qualit\u00e9 (QMS) peut \u00eatre une initiative importante pour am\u00e9liorer l\u2019efficacit\u00e9, l\u2019adaptabilit\u00e9 et la conformit\u00e9 de votre organisation. Selon qu\u2019il s\u2019agisse d\u2019une exigence r\u00e9glementaire actualis\u00e9e, de changements organisationnels ou simplement d\u2019une volont\u00e9 d\u2019optimiser les processus existants, la d\u00e9marche s\u2019adapte aux besoins de l\u2019organisation.<\/p>\t\t\t\t\t\t<\/div>\n\t\t\t\t<\/div>\n\t\t\t\t<div class=\"elementor-element elementor-element-c26dfd6 elementor-widget elementor-widget-jet-headline\" data-id=\"c26dfd6\" data-element_type=\"widget\" data-widget_type=\"jet-headline.default\">\n\t\t\t\t<div class=\"elementor-widget-container\">\n\t\t\t<div class=\"jet-headline jet-headline--direction-horizontal\"><span class=\"jet-headline__part jet-headline__first\"><span class=\"jet-headline__label\">02.<\/span><\/span><span class=\"jet-headline__space\">&nbsp;<\/span><span class=\"jet-headline__part jet-headline__second\"><span class=\"jet-headline__label\">AUDIT ET OPTIMISATION DES PROCESSUS<\/span><\/span><\/div>\t\t<\/div>\n\t\t\t\t<\/div>\n\t\t\t\t<div class=\"elementor-element elementor-element-1f401c3 elementor-widget elementor-widget-text-editor\" data-id=\"1f401c3\" data-element_type=\"widget\" data-widget_type=\"text-editor.default\">\n\t\t\t\t<div class=\"elementor-widget-container\">\n\t\t\t\t\t\t\t<p>L\u2019audit et l\u2019optimisation des processus sont des pratiques essentielles pour am\u00e9liorer l\u2019efficacit\u00e9, la productivit\u00e9 et la qualit\u00e9 des op\u00e9rations d\u2019une organisation. Il est n\u00e9cessaire d'identifier les processus cl\u00e9s qui influencent la qualit\u00e9 des produits ou des services. La deuxi\u00e8me \u00e9tape consiste \u00e0 \u00e9laborer ou \u00e0 mettre \u00e0 jour la documentation appropri\u00e9e : documents d\u00e9crivant les processus, les proc\u00e9dures, les instructions de travail, etc. Enfin, il est n\u00e9cessaire de d\u00e9finir ou de revoir des indicateurs cl\u00e9s de performance (KPI) pour \u00e9valuer l'efficacit\u00e9 des processus et du syst\u00e8me en tant que entier.<\/p>\t\t\t\t\t\t<\/div>\n\t\t\t\t<\/div>\n\t\t\t\t<div class=\"elementor-element elementor-element-12067d9 elementor-widget elementor-widget-jet-headline\" data-id=\"12067d9\" data-element_type=\"widget\" data-widget_type=\"jet-headline.default\">\n\t\t\t\t<div class=\"elementor-widget-container\">\n\t\t\t<div class=\"jet-headline jet-headline--direction-horizontal\"><span class=\"jet-headline__part jet-headline__first\"><span class=\"jet-headline__label\">03.<\/span><\/span><span class=\"jet-headline__space\">&nbsp;<\/span><span class=\"jet-headline__part jet-headline__second\"><span class=\"jet-headline__label\">REVUE DU SYST\u00c8ME DE CONTR\u00d4LE INTERNE<\/span><\/span><\/div>\t\t<\/div>\n\t\t\t\t<\/div>\n\t\t\t\t<div class=\"elementor-element elementor-element-78b540e elementor-widget elementor-widget-text-editor\" data-id=\"78b540e\" data-element_type=\"widget\" data-widget_type=\"text-editor.default\">\n\t\t\t\t<div class=\"elementor-widget-container\">\n\t\t\t\t\t\t\t<p>La r\u00e9vision du syst\u00e8me de contr\u00f4le interne est une pratique cruciale pour garantir l\u2019efficacit\u00e9 des m\u00e9canismes de contr\u00f4le au sein d\u2019une organisation. Cela implique d'\u00e9valuer les objectifs et les risques associ\u00e9s, d'identifier les contr\u00f4les existants, d'\u00e9valuer la conception des contr\u00f4les, leur mise en \u0153uvre et leur efficacit\u00e9, ainsi que leur compr\u00e9hension par le personnel. L'\u00e9valuation du contr\u00f4le continu doit \u00e9galement faire l'objet d'un suivi r\u00e9gulier afin de garantir l'efficacit\u00e9 du syst\u00e8me de contr\u00f4le interne et son int\u00e9gration dans une d\u00e9marche d'am\u00e9lioration continue. documentation appropri\u00e9e : documents d\u00e9crivant les processus, les proc\u00e9dures, les instructions de travail, etc. Enfin, il est n\u00e9cessaire de d\u00e9finir ou de revoir des indicateurs cl\u00e9s de performance (KPI) pour \u00e9valuer l'efficacit\u00e9 des processus et du syst\u00e8me dans son ensemble.<\/p>\t\t\t\t\t\t<\/div>\n\t\t\t\t<\/div>\n\t\t\t\t<div class=\"elementor-element elementor-element-436517d elementor-widget elementor-widget-jet-headline\" data-id=\"436517d\" data-element_type=\"widget\" data-widget_type=\"jet-headline.default\">\n\t\t\t\t<div class=\"elementor-widget-container\">\n\t\t\t<div class=\"jet-headline jet-headline--direction-horizontal\"><span class=\"jet-headline__part jet-headline__first\"><span class=\"jet-headline__label\">04.<\/span><\/span><span class=\"jet-headline__space\">&nbsp;<\/span><span class=\"jet-headline__part jet-headline__second\"><span class=\"jet-headline__label\">PR\u00c9PAREZ VOTRE ENTREPRISE \u00c0 UN AUDIT DE CERTIFICATION<\/span><\/span><\/div>\t\t<\/div>\n\t\t\t\t<\/div>\n\t\t\t\t<div class=\"elementor-element elementor-element-0bbb353 elementor-widget elementor-widget-text-editor\" data-id=\"0bbb353\" data-element_type=\"widget\" data-widget_type=\"text-editor.default\">\n\t\t\t\t<div class=\"elementor-widget-container\">\n\t\t\t\t\t\t\t<p>Vous pouvez rechercher la certification ISO 9001 ou d\u2019autres certifications li\u00e9es \u00e0 la qualit\u00e9 pour renforcer la cr\u00e9dibilit\u00e9 de votre syst\u00e8me de gestion de la qualit\u00e9. C\u2019est un outil marketing in\u00e9gal\u00e9 et un gage de s\u00e9rieux pour vos partenaires commerciaux, fournisseurs et clients. Une attestation peut \u00eatre exig\u00e9e de certaines parties dans le cadre d'appels d'offres ou de toute entente contractuelle. Prendre les devants et entamer une d\u00e9marche qualit\u00e9, c\u2019est se prot\u00e9ger d\u2019une opportunit\u00e9 manqu\u00e9e.<\/p>\t\t\t\t\t\t<\/div>\n\t\t\t\t<\/div>\n\t\t\t\t\t<\/div>\n\t\t<\/div>\n\t\t\t\t\t\t\t<\/div>\n\t\t<\/section>\n\t\t\t\t\t<\/div>\n\t\t<\/div>\n\t\t\t\t\t\t\t<\/div>\n\t\t<\/section>\n\t\t\t\t\t\t\t<\/div>","protected":false},"excerpt":{"rendered":"<p>Quali Consult Mauritius Quality Management Transform your operational processes thanks to our expertise in establishing and optimizing quality management systems. We support you to achieve international standards (ISO, ATEX, etc.) and exceed your customers\u2019 expectations: Let\u2019s work together Let\u2019s work together More about us More about us 01.&nbsp;01. IMPLEMENTATION \/ REDESIGN OF YOUR QUALITY MANAGEMENT [&hellip;]<\/p>","protected":false},"author":1,"featured_media":0,"parent":0,"menu_order":0,"comment_status":"closed","ping_status":"closed","template":"page-templates\/fullwidth-content.php","meta":{"footnotes":""},"class_list":["post-14483","page","type-page","status-publish","hentry","no-thumb"],"_links":{"self":[{"href":"https:\/\/qualiconsult-mu.com\/fr\/wp-json\/wp\/v2\/pages\/14483","targetHints":{"allow":["GET"]}}],"collection":[{"href":"https:\/\/qualiconsult-mu.com\/fr\/wp-json\/wp\/v2\/pages"}],"about":[{"href":"https:\/\/qualiconsult-mu.com\/fr\/wp-json\/wp\/v2\/types\/page"}],"author":[{"embeddable":true,"href":"https:\/\/qualiconsult-mu.com\/fr\/wp-json\/wp\/v2\/users\/1"}],"replies":[{"embeddable":true,"href":"https:\/\/qualiconsult-mu.com\/fr\/wp-json\/wp\/v2\/comments?post=14483"}],"version-history":[{"count":16,"href":"https:\/\/qualiconsult-mu.com\/fr\/wp-json\/wp\/v2\/pages\/14483\/revisions"}],"predecessor-version":[{"id":14607,"href":"https:\/\/qualiconsult-mu.com\/fr\/wp-json\/wp\/v2\/pages\/14483\/revisions\/14607"}],"wp:attachment":[{"href":"https:\/\/qualiconsult-mu.com\/fr\/wp-json\/wp\/v2\/media?parent=14483"}],"curies":[{"name":"wp","href":"https:\/\/api.w.org\/{rel}","templated":true}]}}