{"id":13414,"date":"2022-10-03T08:32:22","date_gmt":"2022-10-03T08:32:22","guid":{"rendered":"https:\/\/ld-wp73.template-help.com\/wordpress\/prod_24024\/v7\/?page_id=13414"},"modified":"2024-08-20T13:59:52","modified_gmt":"2024-08-20T11:59:52","slug":"home","status":"publish","type":"page","link":"https:\/\/qualiconsult-mu.com\/fr\/","title":{"rendered":"Accueil"},"content":{"rendered":"<div data-elementor-type=\"wp-page\" data-elementor-id=\"13414\" class=\"elementor elementor-13414\">\n\t\t\t\t\t\t\t\t\t<section class=\"elementor-section elementor-top-section elementor-element elementor-element-137087b elementor-section-boxed elementor-section-height-default elementor-section-height-default\" data-id=\"137087b\" data-element_type=\"section\" data-settings=\"{&quot;jet_parallax_layout_list&quot;:[],&quot;background_background&quot;:&quot;classic&quot;}\">\n\t\t\t\t\t\t<div class=\"elementor-container elementor-column-gap-no\">\n\t\t\t\t\t<div class=\"elementor-column elementor-col-50 elementor-top-column elementor-element elementor-element-6400f7d elementor-invisible\" data-id=\"6400f7d\" data-element_type=\"column\" data-settings=\"{&quot;animation&quot;:&quot;fadeInLeft&quot;}\">\n\t\t\t<div class=\"elementor-widget-wrap elementor-element-populated\">\n\t\t\t\t\t\t\t\t<div class=\"elementor-element elementor-element-8d8662a elementor-widget elementor-widget-text-editor\" data-id=\"8d8662a\" data-element_type=\"widget\" data-widget_type=\"text-editor.default\">\n\t\t\t\t<div class=\"elementor-widget-container\">\n\t\t\t<style>\/*! elementor - v3.18.0 - 04-12-2023 *\/\n.elementor-widget-text-editor.elementor-drop-cap-view-stacked .elementor-drop-cap{background-color:#69727d;color:#fff}.elementor-widget-text-editor.elementor-drop-cap-view-framed .elementor-drop-cap{color:#69727d;border:3px solid;background-color:transparent}.elementor-widget-text-editor:not(.elementor-drop-cap-view-default) .elementor-drop-cap{margin-top:8px}.elementor-widget-text-editor:not(.elementor-drop-cap-view-default) .elementor-drop-cap-letter{width:1em;height:1em}.elementor-widget-text-editor .elementor-drop-cap{float:left;text-align:center;line-height:1;font-size:50px}.elementor-widget-text-editor .elementor-drop-cap-letter{display:inline-block}<\/style>\t\t\t\t<p>Quali Consult Ile Maurice<\/p>\t\t\t\t\t\t<\/div>\n\t\t\t\t<\/div>\n\t\t\t\t<div class=\"elementor-element elementor-element-523b4e0 elementor-widget-tablet__width-initial elementor-widget-mobile__width-initial elementor-widget elementor-widget-heading\" data-id=\"523b4e0\" data-element_type=\"widget\" data-widget_type=\"heading.default\">\n\t\t\t\t<div class=\"elementor-widget-container\">\n\t\t\t<style>\/*! elementor - v3.18.0 - 04-12-2023 *\/\n.elementor-heading-title{padding:0;margin:0;line-height:1}.elementor-widget-heading .elementor-heading-title[class*=elementor-size-]>a{color:inherit;font-size:inherit;line-height:inherit}.elementor-widget-heading .elementor-heading-title.elementor-size-small{font-size:15px}.elementor-widget-heading .elementor-heading-title.elementor-size-medium{font-size:19px}.elementor-widget-heading .elementor-heading-title.elementor-size-large{font-size:29px}.elementor-widget-heading .elementor-heading-title.elementor-size-xl{font-size:39px}.elementor-widget-heading .elementor-heading-title.elementor-size-xxl{font-size:59px}<\/style><h1 class=\"elementor-heading-title elementor-size-default\">Un accompagnement de qualit\u00e9 sur mesure pour votre entreprise<\/h1>\t\t<\/div>\n\t\t\t\t<\/div>\n\t\t\t\t<div class=\"elementor-element elementor-element-29ac3dd elementor-widget-mobile__width-initial elementor-widget__width-initial elementor-widget elementor-widget-text-editor\" data-id=\"29ac3dd\" data-element_type=\"widget\" data-widget_type=\"text-editor.default\">\n\t\t\t\t<div class=\"elementor-widget-container\">\n\t\t\t\t\t\t\t<p>Au c\u0153ur de l'innovation et de la performance, Quali Consult est un cabinet de conseil <span style=\"letter-spacing: 0px;\">bas\u00e9 \u00e0 Maurice, sp\u00e9cialis\u00e9 dans la gestion de la qualit\u00e9, la gestion des risques, la formation et l'enqu\u00eate de satisfaction client ainsi que le service client secret.<\/span><\/p>\t\t\t\t\t\t<\/div>\n\t\t\t\t<\/div>\n\t\t\t\t<div class=\"elementor-element elementor-element-b637e76 elementor-widget__width-auto elementor-widget elementor-widget-jet-button\" data-id=\"b637e76\" data-element_type=\"widget\" data-settings=\"{&quot;_animation&quot;:&quot;none&quot;}\" data-widget_type=\"jet-button.default\">\n\t\t\t\t<div class=\"elementor-widget-container\">\n\t\t\t<div class=\"elementor-jet-button jet-elements\"><div class=\"jet-button__container\">\n\t<a class=\"jet-button__instance jet-button__instance--icon- hover-effect-0\" href=\"https:\/\/qualiconsult-mu.com\/fr\/contact\/\">\n\t\t<div class=\"jet-button__plane jet-button__plane-normal\"><\/div>\n\t\t<div class=\"jet-button__plane jet-button__plane-hover\"><\/div>\n\t\t<div class=\"jet-button__state jet-button__state-normal\">\n\t\t\t<span class=\"jet-button__label\">Voir nos services<\/span>\t\t<\/div>\n\t\t<div class=\"jet-button__state jet-button__state-hover\">\n\t\t\t<span class=\"jet-button__label\">Voir nos services<\/span>\t\t<\/div>\n\t<\/a>\n<\/div>\n<\/div>\t\t<\/div>\n\t\t\t\t<\/div>\n\t\t\t\t\t<\/div>\n\t\t<\/div>\n\t\t\t\t<div class=\"elementor-column elementor-col-50 elementor-top-column elementor-element elementor-element-4187ca6 elementor-invisible\" data-id=\"4187ca6\" data-element_type=\"column\" data-settings=\"{&quot;animation&quot;:&quot;fadeInRight&quot;,&quot;background_background&quot;:&quot;classic&quot;}\">\n\t\t\t<div class=\"elementor-widget-wrap elementor-element-populated\">\n\t\t\t\t\t\t\t\t<div class=\"elementor-element elementor-element-1354eb0 elementor-widget elementor-widget-spacer\" data-id=\"1354eb0\" data-element_type=\"widget\" data-widget_type=\"spacer.default\">\n\t\t\t\t<div class=\"elementor-widget-container\">\n\t\t\t<style>\/*! elementor - v3.18.0 - 04-12-2023 *\/\n.elementor-column .elementor-spacer-inner{height:var(--spacer-size)}.e-con{--container-widget-width:100%}.e-con-inner>.elementor-widget-spacer,.e-con>.elementor-widget-spacer{width:var(--container-widget-width,var(--spacer-size));--align-self:var(--container-widget-align-self,initial);--flex-shrink:0}.e-con-inner>.elementor-widget-spacer>.elementor-widget-container,.e-con>.elementor-widget-spacer>.elementor-widget-container{height:100%;width:100%}.e-con-inner>.elementor-widget-spacer>.elementor-widget-container>.elementor-spacer,.e-con>.elementor-widget-spacer>.elementor-widget-container>.elementor-spacer{height:100%}.e-con-inner>.elementor-widget-spacer>.elementor-widget-container>.elementor-spacer>.elementor-spacer-inner,.e-con>.elementor-widget-spacer>.elementor-widget-container>.elementor-spacer>.elementor-spacer-inner{height:var(--container-widget-height,var(--spacer-size))}.e-con-inner>.elementor-widget-spacer.elementor-widget-empty,.e-con>.elementor-widget-spacer.elementor-widget-empty{position:relative;min-height:22px;min-width:22px}.e-con-inner>.elementor-widget-spacer.elementor-widget-empty .elementor-widget-empty-icon,.e-con>.elementor-widget-spacer.elementor-widget-empty .elementor-widget-empty-icon{position:absolute;top:0;bottom:0;left:0;right:0;margin:auto;padding:0;width:22px;height:22px}<\/style>\t\t<div class=\"elementor-spacer\">\n\t\t\t<div class=\"elementor-spacer-inner\"><\/div>\n\t\t<\/div>\n\t\t\t\t<\/div>\n\t\t\t\t<\/div>\n\t\t\t\t\t<\/div>\n\t\t<\/div>\n\t\t\t\t\t\t\t<\/div>\n\t\t<\/section>\n\t\t\t\t<section class=\"elementor-section elementor-top-section elementor-element elementor-element-7d57835 elementor-section-full_width elementor-section-height-default elementor-section-height-default\" data-id=\"7d57835\" data-element_type=\"section\" data-settings=\"{&quot;jet_parallax_layout_list&quot;:[]}\">\n\t\t\t\t\t\t<div class=\"elementor-container elementor-column-gap-no\">\n\t\t\t\t\t<div class=\"elementor-column elementor-col-100 elementor-top-column elementor-element elementor-element-5e0bde7\" data-id=\"5e0bde7\" data-element_type=\"column\" data-settings=\"{&quot;background_background&quot;:&quot;classic&quot;}\">\n\t\t\t<div class=\"elementor-widget-wrap elementor-element-populated\">\n\t\t\t\t\t\t\t\t<section class=\"elementor-section elementor-inner-section elementor-element elementor-element-3303442 elementor-section-boxed elementor-section-height-default elementor-section-height-default\" data-id=\"3303442\" data-element_type=\"section\" data-settings=\"{&quot;jet_parallax_layout_list&quot;:[]}\">\n\t\t\t\t\t\t<div class=\"elementor-container elementor-column-gap-no\">\n\t\t\t\t\t<div class=\"elementor-column elementor-col-50 elementor-inner-column elementor-element elementor-element-78059e2 elementor-invisible\" data-id=\"78059e2\" data-element_type=\"column\" data-settings=\"{&quot;animation&quot;:&quot;fadeInLeft&quot;}\">\n\t\t\t<div class=\"elementor-widget-wrap elementor-element-populated\">\n\t\t\t\t\t\t\t\t<div class=\"elementor-element elementor-element-ba5e93e elementor-widget elementor-widget-text-editor\" data-id=\"ba5e93e\" data-element_type=\"widget\" data-widget_type=\"text-editor.default\">\n\t\t\t\t<div class=\"elementor-widget-container\">\n\t\t\t\t\t\t\t<p>Bienvenue<\/p>\t\t\t\t\t\t<\/div>\n\t\t\t\t<\/div>\n\t\t\t\t<div class=\"elementor-element elementor-element-abee92d elementor-widget elementor-widget-heading\" data-id=\"abee92d\" data-element_type=\"widget\" data-widget_type=\"heading.default\">\n\t\t\t\t<div class=\"elementor-widget-container\">\n\t\t\t<h2 class=\"elementor-heading-title elementor-size-default\">Bienvenue chez Quali Consult - Votre partenaire en excellence op\u00e9rationnelle<\/h2>\t\t<\/div>\n\t\t\t\t<\/div>\n\t\t\t\t\t<\/div>\n\t\t<\/div>\n\t\t\t\t<div class=\"elementor-column elementor-col-50 elementor-inner-column elementor-element elementor-element-e116065\" data-id=\"e116065\" data-element_type=\"column\">\n\t\t\t<div class=\"elementor-widget-wrap\">\n\t\t\t\t\t\t\t\t\t<\/div>\n\t\t<\/div>\n\t\t\t\t\t\t\t<\/div>\n\t\t<\/section>\n\t\t\t\t<section class=\"elementor-section elementor-inner-section elementor-element elementor-element-4ec6de6 elementor-section-full_width elementor-section-height-default elementor-section-height-default elementor-invisible\" data-id=\"4ec6de6\" data-element_type=\"section\" data-settings=\"{&quot;jet_parallax_layout_list&quot;:[],&quot;animation&quot;:&quot;fadeIn&quot;}\">\n\t\t\t\t\t\t<div class=\"elementor-container elementor-column-gap-no\">\n\t\t\t\t\t<div class=\"elementor-column elementor-col-50 elementor-inner-column elementor-element elementor-element-3950a0e\" data-id=\"3950a0e\" data-element_type=\"column\">\n\t\t\t<div class=\"elementor-widget-wrap elementor-element-populated\">\n\t\t\t\t\t\t\t\t<div class=\"elementor-element elementor-element-cc9f16c elementor-widget elementor-widget-image\" data-id=\"cc9f16c\" data-element_type=\"widget\" data-widget_type=\"image.default\">\n\t\t\t\t<div class=\"elementor-widget-container\">\n\t\t\t<style>\/*! elementor - v3.18.0 - 04-12-2023 *\/\n.elementor-widget-image{text-align:center}.elementor-widget-image a{display:inline-block}.elementor-widget-image a img[src$=\".svg\"]{width:48px}.elementor-widget-image img{vertical-align:middle;display:inline-block}<\/style>\t\t\t\t\t\t\t\t\t\t\t\t<img fetchpriority=\"high\" decoding=\"async\" width=\"1140\" height=\"600\" src=\"https:\/\/qualiconsult-mu.com\/wp-content\/uploads\/2023\/11\/435345345345.jpeg\" class=\"attachment-full size-full wp-image-14503\" alt=\"\" srcset=\"https:\/\/qualiconsult-mu.com\/wp-content\/uploads\/2023\/11\/435345345345.jpeg 1140w, https:\/\/qualiconsult-mu.com\/wp-content\/uploads\/2023\/11\/435345345345-300x158.jpeg 300w, https:\/\/qualiconsult-mu.com\/wp-content\/uploads\/2023\/11\/435345345345-1024x539.jpeg 1024w, https:\/\/qualiconsult-mu.com\/wp-content\/uploads\/2023\/11\/435345345345-768x404.jpeg 768w\" sizes=\"(max-width: 1140px) 100vw, 1140px\" \/>\t\t\t\t\t\t\t\t\t\t\t\t\t\t\t<\/div>\n\t\t\t\t<\/div>\n\t\t\t\t\t<\/div>\n\t\t<\/div>\n\t\t\t\t<div class=\"elementor-column elementor-col-50 elementor-inner-column elementor-element elementor-element-a4438b8\" data-id=\"a4438b8\" data-element_type=\"column\">\n\t\t\t<div class=\"elementor-widget-wrap elementor-element-populated\">\n\t\t\t\t\t\t\t\t<div class=\"elementor-element elementor-element-42f95de elementor-widget__width-initial elementor-widget elementor-widget-text-editor\" data-id=\"42f95de\" data-element_type=\"widget\" data-widget_type=\"text-editor.default\">\n\t\t\t\t<div class=\"elementor-widget-container\">\n\t\t\t\t\t\t\t<p>Transformez vos processus op\u00e9rationnels gr\u00e2ce \u00e0 notre expertise dans la mise en place et l\u2019optimisation <strong>syst\u00e8mes de gestion de la qualit\u00e9<\/strong>. Nous vous accompagnons pour atteindre les normes internationales (ISO, ATEX, etc.) et d\u00e9passer les attentes de vos clients.<\/p><p>Nous nous engageons \u00e0 maintenir l'h\u00e9ritage d'acceptation du changement tout en <strong>assurer une qualit\u00e9 de service \u00e0 nos clients<\/strong>Gr\u00e2ce \u00e0 une croissance mesur\u00e9e et \u00e0 une planification strat\u00e9gique, ainsi qu'\u00e0 un travail bien fait du premier coup, l'excellence op\u00e9rationnelle sera toujours notre objectif.<\/p><p>Pour atteindre cet objectif, nous pouvons compter sur un moteur cl\u00e9 de notre succ\u00e8s pass\u00e9, pr\u00e9sent et futur : notre diversit\u00e9. Vous pouvez compter sur Quali Consult en tant que fournisseur unique dont l'orientation solution pour <strong>Services d\u2019excellence op\u00e9rationnelle<\/strong>.<\/p>\t\t\t\t\t\t<\/div>\n\t\t\t\t<\/div>\n\t\t\t\t<div class=\"elementor-element elementor-element-6dec4cb elementor-widget__width-auto elementor-widget elementor-widget-jet-button\" data-id=\"6dec4cb\" data-element_type=\"widget\" data-settings=\"{&quot;_animation&quot;:&quot;none&quot;}\" data-widget_type=\"jet-button.default\">\n\t\t\t\t<div class=\"elementor-widget-container\">\n\t\t\t<div class=\"elementor-jet-button jet-elements\"><div class=\"jet-button__container\">\n\t<a class=\"jet-button__instance jet-button__instance--icon- hover-effect-0\" href=\"https:\/\/qualiconsult-mu.com\/fr\/contact\/\">\n\t\t<div class=\"jet-button__plane jet-button__plane-normal\"><\/div>\n\t\t<div class=\"jet-button__plane jet-button__plane-hover\"><\/div>\n\t\t<div class=\"jet-button__state jet-button__state-normal\">\n\t\t\t<span class=\"jet-button__label\">Contactez Nous<\/span>\t\t<\/div>\n\t\t<div class=\"jet-button__state jet-button__state-hover\">\n\t\t\t<span class=\"jet-button__label\">Voir nos services<\/span>\t\t<\/div>\n\t<\/a>\n<\/div>\n<\/div>\t\t<\/div>\n\t\t\t\t<\/div>\n\t\t\t\t\t<\/div>\n\t\t<\/div>\n\t\t\t\t\t\t\t<\/div>\n\t\t<\/section>\n\t\t\t\t\t<\/div>\n\t\t<\/div>\n\t\t\t\t\t\t\t<\/div>\n\t\t<\/section>\n\t\t\t\t<section class=\"elementor-section elementor-top-section elementor-element elementor-element-cc1eb5e elementor-section-boxed elementor-section-height-default elementor-section-height-default\" data-id=\"cc1eb5e\" data-element_type=\"section\" data-settings=\"{&quot;jet_parallax_layout_list&quot;:[],&quot;background_background&quot;:&quot;classic&quot;}\">\n\t\t\t\t\t\t<div class=\"elementor-container elementor-column-gap-no\">\n\t\t\t\t\t<div class=\"elementor-column elementor-col-50 elementor-top-column elementor-element elementor-element-c2fca1c elementor-invisible\" data-id=\"c2fca1c\" data-element_type=\"column\" data-settings=\"{&quot;animation&quot;:&quot;fadeInLeft&quot;}\">\n\t\t\t<div class=\"elementor-widget-wrap elementor-element-populated\">\n\t\t\t\t\t\t\t\t<div class=\"elementor-element elementor-element-8ef7970 elementor-widget elementor-widget-text-editor\" data-id=\"8ef7970\" data-element_type=\"widget\" data-widget_type=\"text-editor.default\">\n\t\t\t\t<div class=\"elementor-widget-container\">\n\t\t\t\t\t\t\t<p>\u00c0 Propos de Nous<\/p>\t\t\t\t\t\t<\/div>\n\t\t\t\t<\/div>\n\t\t\t\t<div class=\"elementor-element elementor-element-e7c33f5 elementor-widget elementor-widget-heading\" data-id=\"e7c33f5\" data-element_type=\"widget\" data-widget_type=\"heading.default\">\n\t\t\t\t<div class=\"elementor-widget-container\">\n\t\t\t<h2 class=\"elementor-heading-title elementor-size-default\">Sp\u00e9cialis\u00e9e en gestion de la qualit\u00e9 et gestion des risques<\/h2>\t\t<\/div>\n\t\t\t\t<\/div>\n\t\t\t\t\t<\/div>\n\t\t<\/div>\n\t\t\t\t<div class=\"elementor-column elementor-col-50 elementor-top-column elementor-element elementor-element-8e9a6dc elementor-invisible\" data-id=\"8e9a6dc\" data-element_type=\"column\" data-settings=\"{&quot;animation&quot;:&quot;fadeInRight&quot;,&quot;background_background&quot;:&quot;classic&quot;}\">\n\t\t\t<div class=\"elementor-widget-wrap elementor-element-populated\">\n\t\t\t\t\t\t\t\t<div class=\"elementor-element elementor-element-042030d elementor-widget elementor-widget-spacer\" data-id=\"042030d\" data-element_type=\"widget\" data-widget_type=\"spacer.default\">\n\t\t\t\t<div class=\"elementor-widget-container\">\n\t\t\t\t\t<div class=\"elementor-spacer\">\n\t\t\t<div class=\"elementor-spacer-inner\"><\/div>\n\t\t<\/div>\n\t\t\t\t<\/div>\n\t\t\t\t<\/div>\n\t\t\t\t<div class=\"elementor-element elementor-element-6d952bc elementor-widget elementor-widget-text-editor\" data-id=\"6d952bc\" data-element_type=\"widget\" data-widget_type=\"text-editor.default\">\n\t\t\t\t<div class=\"elementor-widget-container\">\n\t\t\t\t\t\t\t<p>Au c\u0153ur de l'innovation et de la performance, Quali Consult est un cabinet de conseil bas\u00e9 \u00e0 Maurice, sp\u00e9cialis\u00e9 dans le management de la qualit\u00e9 et la gestion des risques. Forts de nombreuses ann\u00e9es d\u2019exp\u00e9rience, nous apportons expertise, cr\u00e9ativit\u00e9 et engagement pour propulser nos clients vers l\u2019excellence op\u00e9rationnelle.<\/p>\t\t\t\t\t\t<\/div>\n\t\t\t\t<\/div>\n\t\t\t\t\t<\/div>\n\t\t<\/div>\n\t\t\t\t\t\t\t<\/div>\n\t\t<\/section>\n\t\t<div class=\"elementor-element elementor-element-48d2bfc e-flex e-con-boxed e-con e-parent\" data-id=\"48d2bfc\" data-element_type=\"container\" data-settings=\"{&quot;background_background&quot;:&quot;classic&quot;,&quot;jet_parallax_layout_list&quot;:[],&quot;content_width&quot;:&quot;boxed&quot;}\" data-core-v316-plus=\"true\">\n\t\t\t\t\t<div class=\"e-con-inner\">\n\t\t\t\t<div class=\"elementor-element elementor-element-64575a8 elementor-widget elementor-widget-spacer\" data-id=\"64575a8\" data-element_type=\"widget\" data-widget_type=\"spacer.default\">\n\t\t\t\t<div class=\"elementor-widget-container\">\n\t\t\t\t\t<div class=\"elementor-spacer\">\n\t\t\t<div class=\"elementor-spacer-inner\"><\/div>\n\t\t<\/div>\n\t\t\t\t<\/div>\n\t\t\t\t<\/div>\n\t\t\t\t\t<\/div>\n\t\t\t\t<\/div>\n\t\t\t\t<section class=\"elementor-section elementor-top-section elementor-element elementor-element-c03c760 elementor-section-boxed elementor-section-height-default elementor-section-height-default\" data-id=\"c03c760\" data-element_type=\"section\" data-settings=\"{&quot;jet_parallax_layout_list&quot;:[]}\">\n\t\t\t\t\t\t<div class=\"elementor-container elementor-column-gap-no\">\n\t\t\t\t\t<div class=\"elementor-column elementor-col-50 elementor-top-column elementor-element elementor-element-78f5f7b elementor-invisible\" data-id=\"78f5f7b\" data-element_type=\"column\" data-settings=\"{&quot;animation&quot;:&quot;fadeInLeft&quot;}\">\n\t\t\t<div class=\"elementor-widget-wrap elementor-element-populated\">\n\t\t\t\t\t\t\t\t<div class=\"elementor-element elementor-element-45886df elementor-widget elementor-widget-text-editor\" data-id=\"45886df\" data-element_type=\"widget\" data-widget_type=\"text-editor.default\">\n\t\t\t\t<div class=\"elementor-widget-container\">\n\t\t\t\t\t\t\t<p>Nos Services<\/p>\t\t\t\t\t\t<\/div>\n\t\t\t\t<\/div>\n\t\t\t\t<div class=\"elementor-element elementor-element-6e1746a elementor-widget elementor-widget-heading\" data-id=\"6e1746a\" data-element_type=\"widget\" data-widget_type=\"heading.default\">\n\t\t\t\t<div class=\"elementor-widget-container\">\n\t\t\t<h2 class=\"elementor-heading-title elementor-size-default\">Tout ce dont vous avez besoin pour d\u00e9velopper votre entreprise<\/h2>\t\t<\/div>\n\t\t\t\t<\/div>\n\t\t\t\t<div class=\"elementor-element elementor-element-57baf7b elementor-widget elementor-widget-text-editor\" data-id=\"57baf7b\" data-element_type=\"widget\" data-widget_type=\"text-editor.default\">\n\t\t\t\t<div class=\"elementor-widget-container\">\n\t\t\t\t\t\t\t<p>Transformez vos processus op\u00e9rationnels gr\u00e2ce \u00e0 notre expertise.<\/p>\t\t\t\t\t\t<\/div>\n\t\t\t\t<\/div>\n\t\t\t\t\t<\/div>\n\t\t<\/div>\n\t\t\t\t<div class=\"elementor-column elementor-col-50 elementor-top-column elementor-element elementor-element-ee7d196 elementor-invisible\" data-id=\"ee7d196\" data-element_type=\"column\" data-settings=\"{&quot;animation&quot;:&quot;fadeInRight&quot;}\">\n\t\t\t<div class=\"elementor-widget-wrap\">\n\t\t\t\t\t\t\t\t\t<\/div>\n\t\t<\/div>\n\t\t\t\t\t\t\t<\/div>\n\t\t<\/section>\n\t\t\t\t<section class=\"elementor-section elementor-top-section elementor-element elementor-element-b913b1d elementor-section-boxed elementor-section-height-default elementor-section-height-default elementor-invisible\" data-id=\"b913b1d\" data-element_type=\"section\" data-settings=\"{&quot;jet_parallax_layout_list&quot;:[],&quot;animation&quot;:&quot;fadeIn&quot;}\">\n\t\t\t\t\t\t<div class=\"elementor-container elementor-column-gap-no\">\n\t\t\t\t\t<div class=\"elementor-column elementor-col-100 elementor-top-column elementor-element elementor-element-7caa591\" data-id=\"7caa591\" data-element_type=\"column\">\n\t\t\t<div class=\"elementor-widget-wrap elementor-element-populated\">\n\t\t\t\t\t\t\t\t<div class=\"elementor-element elementor-element-359f120 elementor-widget__width-initial elementor-widget-mobile__width-inherit elementor-widget elementor-widget-jet-services\" data-id=\"359f120\" data-element_type=\"widget\" data-widget_type=\"jet-services.default\">\n\t\t\t\t<div class=\"elementor-widget-container\">\n\t\t\t<div class=\"elementor-jet-services jet-elements\"><div class=\"jet-services jet-services--header-position-top\">\n\t<div class=\"jet-services__inner\">\n\t\t<div class=\"jet-services__header\">\n\t\t\t<div class=\"jet-services__cover\"><h3 class=\"jet-services__title\"><span class=\"jet-services__title-text\">Management de la Qualit\u00e9<\/span><\/h3><\/div>\n\t\t<\/div>\n\t\t<div class=\"jet-services__content\"><p class=\"jet-services__desc\">Transformez vos processus op\u00e9rationnels gr\u00e2ce \u00e0 notre expertise dans l\u2019\u00e9tablissement et l\u2019optimisation de syst\u00e8mes de gestion de la qualit\u00e9. Nous vous accompagnons pour atteindre les normes internationales (ISO, ATEX, etc.) et d\u00e9passer les attentes de vos clients.<\/p><a class=\"elementor-button elementor-size-md jet-services__button jet-services__button--icon-after\" href=\"https:\/\/qualiconsult-mu.com\/fr\/quality-management\/\"><span class=\"jet-services__button-text\"><\/span><span class=\"jet-services__button-icon jet-elements-icon\"><svg xmlns=\"http:\/\/www.w3.org\/2000\/svg\" width=\"18\" height=\"15\" viewbox=\"0 0 18 15\" fill=\"#ffffff\"><path d=\"M0 6.81818H16.6224V8.18182H0V6.81818Z\"><\/path><path d=\"M10.6134 0L18 7.49995L16.9514 8.57807L9.5582 1.07144L10.6134 0Z\"><\/path><path d=\"M10.6136 15L18 7.49995L16.9448 6.42853L9.55832 13.9286L10.6136 15Z\"><\/path><\/svg><\/span><\/a><\/div>\n\t<\/div>\n<\/div>\n<\/div>\t\t<\/div>\n\t\t\t\t<\/div>\n\t\t\t\t<div class=\"elementor-element elementor-element-80d5e00 elementor-widget__width-initial elementor-widget-mobile__width-inherit elementor-widget elementor-widget-jet-services\" data-id=\"80d5e00\" data-element_type=\"widget\" data-widget_type=\"jet-services.default\">\n\t\t\t\t<div class=\"elementor-widget-container\">\n\t\t\t<div class=\"elementor-jet-services jet-elements\"><div class=\"jet-services jet-services--header-position-top\">\n\t<div class=\"jet-services__inner\">\n\t\t<div class=\"jet-services__header\">\n\t\t\t<div class=\"jet-services__cover\"><h3 class=\"jet-services__title\"><span class=\"jet-services__title-text\">Gestion des Risques<\/span><\/h3><\/div>\n\t\t<\/div>\n\t\t<div class=\"jet-services__content\"><p class=\"jet-services__desc\">Anticipez, \u00e9valuez et g\u00e9rez efficacement les risques au sein de votre organisation. Notre approche proactive identifie les opportunit\u00e9s et minimise les menaces, garantissant ainsi la r\u00e9silience et la durabilit\u00e9 de votre entreprise.\n<\/p><a class=\"elementor-button elementor-size-md jet-services__button jet-services__button--icon-after\" href=\"https:\/\/qualiconsult-mu.com\/fr\/risk-management\/\"><span class=\"jet-services__button-text\"><\/span><span class=\"jet-services__button-icon jet-elements-icon\"><svg xmlns=\"http:\/\/www.w3.org\/2000\/svg\" width=\"18\" height=\"15\" viewbox=\"0 0 18 15\" fill=\"#ffffff\"><path d=\"M0 6.81818H16.6224V8.18182H0V6.81818Z\"><\/path><path d=\"M10.6134 0L18 7.49995L16.9514 8.57807L9.5582 1.07144L10.6134 0Z\"><\/path><path d=\"M10.6136 15L18 7.49995L16.9448 6.42853L9.55832 13.9286L10.6136 15Z\"><\/path><\/svg><\/span><\/a><\/div>\n\t<\/div>\n<\/div>\n<\/div>\t\t<\/div>\n\t\t\t\t<\/div>\n\t\t\t\t\t<\/div>\n\t\t<\/div>\n\t\t\t\t\t\t\t<\/div>\n\t\t<\/section>\n\t\t\t\t\t\t\t<\/div>","protected":false},"excerpt":{"rendered":"<p>Quali Consult Mauritius Tailor-made quality support for your business At the heart of innovation and performance, Quali Consult is a consulting firm based in Mauritius, specializing in quality management, risk management, training and client satisfaction survey as well as secret customer services. Let\u2019s work together Let\u2019s work together WELCOME Welcome to Quali Consult &#8211; Your [&hellip;]<\/p>","protected":false},"author":1,"featured_media":0,"parent":0,"menu_order":0,"comment_status":"closed","ping_status":"closed","template":"elementor_header_footer","meta":{"footnotes":""},"class_list":["post-13414","page","type-page","status-publish","hentry","no-thumb"],"_links":{"self":[{"href":"https:\/\/qualiconsult-mu.com\/fr\/wp-json\/wp\/v2\/pages\/13414","targetHints":{"allow":["GET"]}}],"collection":[{"href":"https:\/\/qualiconsult-mu.com\/fr\/wp-json\/wp\/v2\/pages"}],"about":[{"href":"https:\/\/qualiconsult-mu.com\/fr\/wp-json\/wp\/v2\/types\/page"}],"author":[{"embeddable":true,"href":"https:\/\/qualiconsult-mu.com\/fr\/wp-json\/wp\/v2\/users\/1"}],"replies":[{"embeddable":true,"href":"https:\/\/qualiconsult-mu.com\/fr\/wp-json\/wp\/v2\/comments?post=13414"}],"version-history":[{"count":79,"href":"https:\/\/qualiconsult-mu.com\/fr\/wp-json\/wp\/v2\/pages\/13414\/revisions"}],"predecessor-version":[{"id":14743,"href":"https:\/\/qualiconsult-mu.com\/fr\/wp-json\/wp\/v2\/pages\/13414\/revisions\/14743"}],"wp:attachment":[{"href":"https:\/\/qualiconsult-mu.com\/fr\/wp-json\/wp\/v2\/media?parent=13414"}],"curies":[{"name":"wp","href":"https:\/\/api.w.org\/{rel}","templated":true}]}}